{"id":3938,"date":"2021-09-22T19:41:25","date_gmt":"2021-09-22T19:41:25","guid":{"rendered":"https:\/\/amberbev.at\/?post_type=product&#038;p=3938"},"modified":"2022-02-03T13:48:39","modified_gmt":"2022-02-03T13:48:39","slug":"irishman-12yogb","status":"publish","type":"product","link":"https:\/\/amberbev.at\/de\/produkt\/whisky-bourbon-de\/irish\/irishman-12yogb\/","title":{"rendered":"The Irishman &#8211; 12YO Single Malt"},"content":{"rendered":"<h2>The Taste of Ireland<\/h2>\n<p>Dieser herausragende Whiskey ist das Ergebnis von 12 Jahren Reifung in ausschlie\u00dflich First-Fill-Bourbonf\u00e4ssern. The Irishman 12 Year Old Single Malt ist ein zeitloser irischer Malt, der in flammgekohlten Bourbon-F\u00e4ssern mit Erstbef\u00fcllung gereift ist. Jedes Jahr w\u00e4hlen wir nur eine Handvoll der besten F\u00e4sser aus, um sie f\u00fcr unseren 12 Year Old zu verwenden. J\u00e4hrlich werden maximal 6000 Flaschen hergestellt. Jede Flasche wird als Qualit\u00e4tsmerkmal chargenweise nummeriert und ist nicht k\u00fchlgefiltert.<\/p>\n<p>Nase: S\u00fc\u00dfe, w\u00fcrzige Noten von Vanille, Zimt und sogar eine Tinktur aus Nelken. Alles ausgewogen mit \u00c4pfeln und Birnen, etwas verkohltem Holz und frisch geschnittenem Heu.<br \/>\nGeschmack: S\u00fc\u00df mit Vanille, unterst\u00fctzt von schwarzen Pfefferk\u00f6rnern, die nur widerwillig einem saftig-fruchtigen Mittelteil Platz machen.<br \/>\nAbgang: Nachklingender, saftiger Geschmack von Gerste und Eiche. Ein Hauch von cremigem Milchfondant und Zartbitterschokolade.<\/p>\n<div id=\"gtx-trans\" style=\"position: absolute; left: -20px; top: 0px;\">\n<div class=\"gtx-trans-icon\"><\/div>\n<\/div>\n","protected":false},"excerpt":{"rendered":"<p>The Taste of Ireland Dieser herausragende Whiskey ist das Ergebnis von 12 Jahren Reifung in ausschlie\u00dflich First-Fill-Bourbonf\u00e4ssern. The Irishman 12 Year Old Single Malt ist ein zeitloser irischer Malt, der&#8230;<\/p>\n","protected":false},"featured_media":5354,"template":"","meta":{"_acf_changed":false,"inline_featured_image":false},"product_cat":[556,248],"product_tag":[],"class_list":{"0":"post-3938","1":"product","2":"type-product","3":"status-publish","4":"has-post-thumbnail","6":"product_brand-irishman","7":"product_cat-irish","8":"product_cat-whisky-bourbon-de","10":"first","11":"instock","12":"shipping-taxable","13":"product-type-simple"},"acf":[],"_links":{"self":[{"href":"https:\/\/amberbev.at\/de\/wp-json\/wp\/v2\/product\/3938"}],"collection":[{"href":"https:\/\/amberbev.at\/de\/wp-json\/wp\/v2\/product"}],"about":[{"href":"https:\/\/amberbev.at\/de\/wp-json\/wp\/v2\/types\/product"}],"wp:featuredmedia":[{"embeddable":true,"href":"https:\/\/amberbev.at\/de\/wp-json\/wp\/v2\/media\/5354"}],"wp:attachment":[{"href":"https:\/\/amberbev.at\/de\/wp-json\/wp\/v2\/media?parent=3938"}],"wp:term":[{"taxonomy":"product_cat","embeddable":true,"href":"https:\/\/amberbev.at\/de\/wp-json\/wp\/v2\/product_cat?post=3938"},{"taxonomy":"product_tag","embeddable":true,"href":"https:\/\/amberbev.at\/de\/wp-json\/wp\/v2\/product_tag?post=3938"}],"curies":[{"name":"wp","href":"https:\/\/api.w.org\/{rel}","templated":true}]}}