{"id":3942,"date":"2021-09-22T19:47:09","date_gmt":"2021-09-22T19:47:09","guid":{"rendered":"https:\/\/amberbev.at\/?post_type=product&#038;p=3942"},"modified":"2021-10-12T06:52:38","modified_gmt":"2021-10-12T06:52:38","slug":"writers-tears-copper-pot-gb","status":"publish","type":"product","link":"https:\/\/amberbev.at\/de\/produkt\/whisky-bourbon-de\/irish\/writers-tears-copper-pot-gb\/","title":{"rendered":"Writers Tears Copper Pot GB"},"content":{"rendered":"<h2>Tradition and pure Inspiration<\/h2>\n<p>Writers&#8217; Tears ist eine einzigartige Verbindung von Aged Single Pot Still und Single Malt Irish Whiskey. Vollst\u00e4ndig aus Pot Still und Malz, ohne Getreide, destilliert, ist dies ein wirklich besonderer irischer Whiskey. Writers&#8217; Tears wird dreifach destilliert, nicht gem\u00e4lzt und in Flame Charred American Oak Bourbon F\u00e4ssern gereift. Ein preisgekr\u00f6nter Whiskey, der beim San Francisco Spirits Comp, den World Whiskies Awards, den Irish Whiskey Masters und der International Spirits Challenge Goldmedaillen gewonnen hat. Abgef\u00fcllt bei 40% ABV.<\/p>\n<p>Geruch &#8211; Ein Hauch von Apfel mit einem Hauch von Vanille.<br \/>\nGeschmack &#8211; Sanft gew\u00fcrzt, mit Ingwer und Obstb\u00e4umen.<br \/>\nAbgang &#8211; Lang und elegant mit dunkler Schokolade.<\/p>\n<div id=\"gtx-trans\" style=\"position: absolute; left: -23px; top: 0px;\">\n<div class=\"gtx-trans-icon\"><\/div>\n<\/div>\n","protected":false},"excerpt":{"rendered":"<p>Tradition and pure Inspiration Writers&#8217; Tears ist eine einzigartige Verbindung von Aged Single Pot Still und Single Malt Irish Whiskey. Vollst\u00e4ndig aus Pot Still und Malz, ohne Getreide, destilliert, ist&#8230;<\/p>\n","protected":false},"featured_media":3945,"template":"","meta":{"_acf_changed":false,"inline_featured_image":false},"product_cat":[556,248],"product_tag":[],"class_list":{"0":"post-3942","1":"product","2":"type-product","3":"status-publish","4":"has-post-thumbnail","6":"product_brand-writers-tears","7":"product_cat-irish","8":"product_cat-whisky-bourbon-de","10":"first","11":"instock","12":"shipping-taxable","13":"product-type-simple"},"acf":[],"_links":{"self":[{"href":"https:\/\/amberbev.at\/de\/wp-json\/wp\/v2\/product\/3942"}],"collection":[{"href":"https:\/\/amberbev.at\/de\/wp-json\/wp\/v2\/product"}],"about":[{"href":"https:\/\/amberbev.at\/de\/wp-json\/wp\/v2\/types\/product"}],"wp:featuredmedia":[{"embeddable":true,"href":"https:\/\/amberbev.at\/de\/wp-json\/wp\/v2\/media\/3945"}],"wp:attachment":[{"href":"https:\/\/amberbev.at\/de\/wp-json\/wp\/v2\/media?parent=3942"}],"wp:term":[{"taxonomy":"product_cat","embeddable":true,"href":"https:\/\/amberbev.at\/de\/wp-json\/wp\/v2\/product_cat?post=3942"},{"taxonomy":"product_tag","embeddable":true,"href":"https:\/\/amberbev.at\/de\/wp-json\/wp\/v2\/product_tag?post=3942"}],"curies":[{"name":"wp","href":"https:\/\/api.w.org\/{rel}","templated":true}]}}