{"id":3944,"date":"2021-09-22T20:02:57","date_gmt":"2021-09-22T20:02:57","guid":{"rendered":"https:\/\/amberbev.at\/?post_type=product&#038;p=3944"},"modified":"2022-02-22T07:03:19","modified_gmt":"2022-02-22T07:03:19","slug":"disaronno-originale","status":"publish","type":"product","link":"https:\/\/amberbev.at\/de\/produkt\/likoere-de\/disaronno-originale\/","title":{"rendered":"DISARONNO ORIGINALE"},"content":{"rendered":"<div id=\"ultimate-heading-5630614b89287104a\" class=\"uvc-heading ult-adjust-bottom-margin ultimate-heading-5630614b89287104a uvc-1150 \" data-hspacer=\"line_only\" data-halign=\"left\">\n<div class=\"uvc-main-heading ult-responsive\" data-ultimate-target=\".uvc-heading.ultimate-heading-5630614b89287104a h2\" data-responsive-json-new=\"{&quot;font-size&quot;:&quot;desktop:30px;&quot;,&quot;line-height&quot;:&quot;desktop:35px;&quot;}\">\n<h2>When the sun goes down<\/h2>\n<\/div>\n<\/div>\n<div class=\"wpb_text_column wpb_content_element \">\n<div class=\"wpb_wrapper\">\n<p class=\"p1\">Dank seines lieblichen Geschmacks und seines unverwechselbaren Aromas genie\u00dft Disaronno als italienische Stilikone weltweit Kultstatus und ist die meistverkaufte und exklusivste Lik\u00f6rmarke Italiens. Seine Geschichte reicht zur\u00fcck bis in die Renaissance und beginnt in Saronno im Norden Italiens. Nachdem das Rezept \u00fcber Generationen innerhalb der Familie weitergegeben wurde, begann im 20. Jahrhundert die kommerzielle Herstellung. Besondere Ingredienz ist das Aprikosenkern\u00f6l, das Disaronno seinen einzigartigen Geschmack verleiht, wozu weitere 22 ausgew\u00e4hlte Zutaten kommen, die dem bernsteinfarbenen Lik\u00f6r seine bittere, dezente S\u00fc\u00dfe verleihen. Besonders das gesch\u00fctzte Design der Flasche verleiht ihm einen Hauch von zeitgem\u00e4\u00dfer Eleganz und Stil. Heute darf Disaronno in keiner guten Barkarte fehlen und wird als Shot auf Eis, als Zutat leckerer Cocktails oder mehr und mehr als Disaronno SOUR oder Disaronno FIZZ serviert.<\/p>\n<\/div>\n<\/div>\n","protected":false},"excerpt":{"rendered":"<p>When the sun goes down Dank seines lieblichen Geschmacks und seines unverwechselbaren Aromas genie\u00dft Disaronno als italienische Stilikone weltweit Kultstatus und ist die meistverkaufte und exklusivste Lik\u00f6rmarke Italiens. Seine Geschichte&#8230;<\/p>\n","protected":false},"featured_media":3974,"template":"","meta":{"_acf_changed":false,"inline_featured_image":false},"product_cat":[238],"product_tag":[],"class_list":{"0":"post-3944","1":"product","2":"type-product","3":"status-publish","4":"has-post-thumbnail","6":"product_brand-disaronno","7":"product_cat-likoere-de","9":"first","10":"instock","11":"shipping-taxable","12":"product-type-variable"},"acf":[],"_links":{"self":[{"href":"https:\/\/amberbev.at\/de\/wp-json\/wp\/v2\/product\/3944"}],"collection":[{"href":"https:\/\/amberbev.at\/de\/wp-json\/wp\/v2\/product"}],"about":[{"href":"https:\/\/amberbev.at\/de\/wp-json\/wp\/v2\/types\/product"}],"wp:featuredmedia":[{"embeddable":true,"href":"https:\/\/amberbev.at\/de\/wp-json\/wp\/v2\/media\/3974"}],"wp:attachment":[{"href":"https:\/\/amberbev.at\/de\/wp-json\/wp\/v2\/media?parent=3944"}],"wp:term":[{"taxonomy":"product_cat","embeddable":true,"href":"https:\/\/amberbev.at\/de\/wp-json\/wp\/v2\/product_cat?post=3944"},{"taxonomy":"product_tag","embeddable":true,"href":"https:\/\/amberbev.at\/de\/wp-json\/wp\/v2\/product_tag?post=3944"}],"curies":[{"name":"wp","href":"https:\/\/api.w.org\/{rel}","templated":true}]}}