{"id":3959,"date":"2021-09-22T19:56:34","date_gmt":"2021-09-22T19:56:34","guid":{"rendered":"https:\/\/amberbev.at\/?post_type=product&#038;p=3959"},"modified":"2021-10-12T07:08:31","modified_gmt":"2021-10-12T07:08:31","slug":"writers-tears-red-head-single-malt-gb","status":"publish","type":"product","link":"https:\/\/amberbev.at\/de\/produkt\/whisky-bourbon-de\/irish\/writers-tears-red-head-single-malt-gb\/","title":{"rendered":"Writers Tears Red Head Single Malt GB"},"content":{"rendered":"<h2>Tradition and pure Inspiration<\/h2>\n<p>Dieser exquisite, dreifach destillierte Single Malt reift nur in ausgew\u00e4hlten, handverlesenen spanischen Sherry-F\u00e4ssern, die zuvor mit feinstem Oloroso-Sherry abgelagert wurden. Es ist der Einfluss dieser seltenen F\u00e4sser, der diesem Writers&#8217; Tears seine charakteristische reiche, rubinrote F\u00e4rbung verleiht und ihm den Namen Red Head&#8221; einbrachte. Der Ausdruck wird ohne K\u00e4ltefilterung destilliert, wie es die Natur vorgesehen hat. Abgef\u00fcllt bei 46% ABV.<\/p>\n<p>Nase &#8211; Orangenschalen, Trockenfr\u00fcchte und Sherry-Pflaumen.<br \/>\nGeschmack &#8211; Nussiger Oloroso, w\u00fcrzige Rosinen und cremige Eiche.<br \/>\nAbgang &#8211; Ein Hauch von Orange. Eine gem\u00e4chliche Reise.<\/p>\n<div id=\"gtx-trans\" style=\"position: absolute; left: -23px; top: 0px;\">\n<div class=\"gtx-trans-icon\"><\/div>\n<\/div>\n","protected":false},"excerpt":{"rendered":"<p>Tradition and pure Inspiration Dieser exquisite, dreifach destillierte Single Malt reift nur in ausgew\u00e4hlten, handverlesenen spanischen Sherry-F\u00e4ssern, die zuvor mit feinstem Oloroso-Sherry abgelagert wurden. Es ist der Einfluss dieser seltenen&#8230;<\/p>\n","protected":false},"featured_media":3961,"template":"","meta":{"_acf_changed":false,"inline_featured_image":false},"product_cat":[556,248],"product_tag":[],"class_list":{"0":"post-3959","1":"product","2":"type-product","3":"status-publish","4":"has-post-thumbnail","6":"product_brand-writers-tears","7":"product_cat-irish","8":"product_cat-whisky-bourbon-de","10":"first","11":"instock","12":"shipping-taxable","13":"product-type-simple"},"acf":[],"_links":{"self":[{"href":"https:\/\/amberbev.at\/de\/wp-json\/wp\/v2\/product\/3959"}],"collection":[{"href":"https:\/\/amberbev.at\/de\/wp-json\/wp\/v2\/product"}],"about":[{"href":"https:\/\/amberbev.at\/de\/wp-json\/wp\/v2\/types\/product"}],"wp:featuredmedia":[{"embeddable":true,"href":"https:\/\/amberbev.at\/de\/wp-json\/wp\/v2\/media\/3961"}],"wp:attachment":[{"href":"https:\/\/amberbev.at\/de\/wp-json\/wp\/v2\/media?parent=3959"}],"wp:term":[{"taxonomy":"product_cat","embeddable":true,"href":"https:\/\/amberbev.at\/de\/wp-json\/wp\/v2\/product_cat?post=3959"},{"taxonomy":"product_tag","embeddable":true,"href":"https:\/\/amberbev.at\/de\/wp-json\/wp\/v2\/product_tag?post=3959"}],"curies":[{"name":"wp","href":"https:\/\/api.w.org\/{rel}","templated":true}]}}