{"id":3985,"date":"2021-09-22T20:08:08","date_gmt":"2021-09-22T20:08:08","guid":{"rendered":"https:\/\/amberbev.at\/?post_type=product&#038;p=3985"},"modified":"2022-02-22T07:08:04","modified_gmt":"2022-02-22T07:08:04","slug":"disaronno-velvet-liqueur","status":"publish","type":"product","link":"https:\/\/amberbev.at\/de\/produkt\/likoere-de\/disaronno-velvet-liqueur\/","title":{"rendered":"DISARONNO VELVET LIQUEUR"},"content":{"rendered":"<h2>Disaronno Velvet&#8230;<\/h2>\n<p>&#8230;verbindet den unverwechselbaren Charakter von Disaronno Originale auf kluge und harmonische Weise mit k\u00f6stlichen und \u00fcberraschend samtigen Noten. Die sahnige Alternative schmeckt besonders auf Eis serviert und gek\u00fchlt wunderbar cremig<\/p>\n<p>Die gro\u00dfe Neuheit ist Disaronno Velvet: eine Innovation mit dem unverkennbaren Geschmack von Disaronno, die perfekt f\u00fcr Liebhaber von Sahnelik\u00f6ren mit intensivem Aroma ist.<\/p>\n<p>Disaronno Velvet verbindet den unverwechselbaren Charakter von Disaronno Originale auf kluge und harmonische Weise mit k\u00f6stlichen und \u00fcberraschend samtigen Noten<\/p>\n","protected":false},"excerpt":{"rendered":"<p>Disaronno Velvet&#8230; &#8230;verbindet den unverwechselbaren Charakter von Disaronno Originale auf kluge und harmonische Weise mit k\u00f6stlichen und \u00fcberraschend samtigen Noten. Die sahnige Alternative schmeckt besonders auf Eis serviert und gek\u00fchlt&#8230;<\/p>\n","protected":false},"featured_media":3998,"template":"","meta":{"_acf_changed":false,"inline_featured_image":false},"product_cat":[238],"product_tag":[],"class_list":{"0":"post-3985","1":"product","2":"type-product","3":"status-publish","4":"has-post-thumbnail","6":"product_brand-disaronno","7":"product_cat-likoere-de","9":"first","10":"instock","11":"shipping-taxable","12":"product-type-simple"},"acf":[],"_links":{"self":[{"href":"https:\/\/amberbev.at\/de\/wp-json\/wp\/v2\/product\/3985"}],"collection":[{"href":"https:\/\/amberbev.at\/de\/wp-json\/wp\/v2\/product"}],"about":[{"href":"https:\/\/amberbev.at\/de\/wp-json\/wp\/v2\/types\/product"}],"wp:featuredmedia":[{"embeddable":true,"href":"https:\/\/amberbev.at\/de\/wp-json\/wp\/v2\/media\/3998"}],"wp:attachment":[{"href":"https:\/\/amberbev.at\/de\/wp-json\/wp\/v2\/media?parent=3985"}],"wp:term":[{"taxonomy":"product_cat","embeddable":true,"href":"https:\/\/amberbev.at\/de\/wp-json\/wp\/v2\/product_cat?post=3985"},{"taxonomy":"product_tag","embeddable":true,"href":"https:\/\/amberbev.at\/de\/wp-json\/wp\/v2\/product_tag?post=3985"}],"curies":[{"name":"wp","href":"https:\/\/api.w.org\/{rel}","templated":true}]}}