{"id":4003,"date":"2021-09-22T20:08:48","date_gmt":"2021-09-22T20:08:48","guid":{"rendered":"https:\/\/amberbev.at\/?post_type=product&#038;p=4003"},"modified":"2025-03-11T14:58:17","modified_gmt":"2025-03-11T14:58:17","slug":"kensei-japanese-whisky-gb","status":"publish","type":"product","link":"https:\/\/amberbev.at\/de\/produkt\/whisky-bourbon-de\/japan\/kensei-japanese-whisky-gb\/","title":{"rendered":"Kensei Japanese Whisky GB"},"content":{"rendered":"<h2>Japanische Perfektion<\/h2>\n<p>Kensei (jap. = Schwertheiliger) ist ein japanischer Ehrentitel, der an Krieger mit legend\u00e4ren F\u00e4higkeiten in der Schwertkampfkunst verge- ben wurde. Jede Armee braucht Krieger, deren Spezialit\u00e4t der Sieg ist! Dieser Philosophie liegt auch der Kensei Blended Whisky zugrunde, als Hommage an das unaufh\u00f6rliche Streben nach Perfektion, als Hom- mage an die Kensei-Krieger. Nach seiner 3- bis 4-j\u00e4hrigen Lagerung in amerikanischen Eichenf\u00e4ssern entwickelt sich die bernstein-goldene Farbe und der \u00e4u\u00dferst angenehme und ausgewogene Geschmack mit samtigen Texturen und Noten von s\u00fc\u00dfen Gew\u00fcrzen. Perfekt serviert on the Rocks.<\/p>\n<div id=\"gtx-trans\" style=\"position: absolute; left: -16px; top: 0px;\">\n<div class=\"gtx-trans-icon\"><\/div>\n<\/div>\n","protected":false},"excerpt":{"rendered":"<p>Japanische Perfektion Kensei (jap. = Schwertheiliger) ist ein japanischer Ehrentitel, der an Krieger mit legend\u00e4ren F\u00e4higkeiten in der Schwertkampfkunst verge- ben wurde. Jede Armee braucht Krieger, deren Spezialit\u00e4t der Sieg&#8230;<\/p>\n","protected":false},"featured_media":6984,"template":"","meta":{"_acf_changed":false,"inline_featured_image":false},"product_cat":[568,248],"product_tag":[],"class_list":{"0":"post-4003","1":"product","2":"type-product","3":"status-publish","4":"has-post-thumbnail","6":"product_brand-kensei","7":"product_cat-japan","8":"product_cat-whisky-bourbon-de","10":"first","11":"instock","12":"shipping-taxable","13":"product-type-simple"},"acf":[],"_links":{"self":[{"href":"https:\/\/amberbev.at\/de\/wp-json\/wp\/v2\/product\/4003"}],"collection":[{"href":"https:\/\/amberbev.at\/de\/wp-json\/wp\/v2\/product"}],"about":[{"href":"https:\/\/amberbev.at\/de\/wp-json\/wp\/v2\/types\/product"}],"wp:featuredmedia":[{"embeddable":true,"href":"https:\/\/amberbev.at\/de\/wp-json\/wp\/v2\/media\/6984"}],"wp:attachment":[{"href":"https:\/\/amberbev.at\/de\/wp-json\/wp\/v2\/media?parent=4003"}],"wp:term":[{"taxonomy":"product_cat","embeddable":true,"href":"https:\/\/amberbev.at\/de\/wp-json\/wp\/v2\/product_cat?post=4003"},{"taxonomy":"product_tag","embeddable":true,"href":"https:\/\/amberbev.at\/de\/wp-json\/wp\/v2\/product_tag?post=4003"}],"curies":[{"name":"wp","href":"https:\/\/api.w.org\/{rel}","templated":true}]}}