{"id":4005,"date":"2021-09-22T20:13:55","date_gmt":"2021-09-22T20:13:55","guid":{"rendered":"https:\/\/amberbev.at\/?post_type=product&#038;p=4005"},"modified":"2021-10-13T08:15:27","modified_gmt":"2021-10-13T08:15:27","slug":"tia-maria-coffee-liqueur","status":"publish","type":"product","link":"https:\/\/amberbev.at\/de\/produkt\/likoere-de\/tia-maria-coffee-liqueur\/","title":{"rendered":"TIA MARIA COFFEE LIQUEUR"},"content":{"rendered":"<div id=\"ultimate-heading-3136614b8d6a78ccd\" class=\"uvc-heading ult-adjust-bottom-margin ultimate-heading-3136614b8d6a78ccd uvc-4912 \" data-hspacer=\"line_only\" data-halign=\"left\">\n<div class=\"uvc-main-heading ult-responsive\" data-ultimate-target=\".uvc-heading.ultimate-heading-3136614b8d6a78ccd h2\" data-responsive-json-new=\"{&quot;font-size&quot;:&quot;desktop:30px;&quot;,&quot;line-height&quot;:&quot;desktop:35px;&quot;}\">\n<h2>Full of beans &#8211; Coffee lovers unit<\/h2>\n<\/div>\n<\/div>\n<div class=\"wpb_text_column wpb_content_element \">\n<div class=\"wpb_wrapper\">\n<p class=\"p1\">Tia Maria ist ein s\u00fc\u00dfer Lik\u00f6r mit starkem Kaffeecharakter und einer komplexen Aromastruktur. Durch die Kaltbr\u00fchextraktion k\u00f6nnen wir stets sicherstellen, dass unser Kaffeelik\u00f6r dank dreier wichtiger Elemente einen unverwechselbaren Geschmack hat: Kaffee aus 100 % Arabica sorgt f\u00fcr den unverwechselbaren ger\u00f6steten, vollmundigen Geschmack, Vanille f\u00fcr die weichen und samtigen Hintergrundnoten und Jamaika-Rum, der Tia Maria K\u00f6rper, Tiefe und Struktur verleiht.<\/p>\n<p>&nbsp;<\/p>\n<\/div>\n<\/div>\n","protected":false},"excerpt":{"rendered":"<p>Full of beans &#8211; Coffee lovers unit Tia Maria ist ein s\u00fc\u00dfer Lik\u00f6r mit starkem Kaffeecharakter und einer komplexen Aromastruktur. Durch die Kaltbr\u00fchextraktion k\u00f6nnen wir stets sicherstellen, dass unser Kaffeelik\u00f6r&#8230;<\/p>\n","protected":false},"featured_media":4085,"template":"","meta":{"_acf_changed":false,"inline_featured_image":false},"product_cat":[238],"product_tag":[],"class_list":{"0":"post-4005","1":"product","2":"type-product","3":"status-publish","4":"has-post-thumbnail","6":"product_brand-tia-maria","7":"product_cat-likoere-de","9":"first","10":"instock","11":"shipping-taxable","12":"product-type-simple"},"acf":[],"_links":{"self":[{"href":"https:\/\/amberbev.at\/de\/wp-json\/wp\/v2\/product\/4005"}],"collection":[{"href":"https:\/\/amberbev.at\/de\/wp-json\/wp\/v2\/product"}],"about":[{"href":"https:\/\/amberbev.at\/de\/wp-json\/wp\/v2\/types\/product"}],"wp:featuredmedia":[{"embeddable":true,"href":"https:\/\/amberbev.at\/de\/wp-json\/wp\/v2\/media\/4085"}],"wp:attachment":[{"href":"https:\/\/amberbev.at\/de\/wp-json\/wp\/v2\/media?parent=4005"}],"wp:term":[{"taxonomy":"product_cat","embeddable":true,"href":"https:\/\/amberbev.at\/de\/wp-json\/wp\/v2\/product_cat?post=4005"},{"taxonomy":"product_tag","embeddable":true,"href":"https:\/\/amberbev.at\/de\/wp-json\/wp\/v2\/product_tag?post=4005"}],"curies":[{"name":"wp","href":"https:\/\/api.w.org\/{rel}","templated":true}]}}