{"id":4015,"date":"2021-09-22T20:19:49","date_gmt":"2021-09-22T20:19:49","guid":{"rendered":"https:\/\/amberbev.at\/?post_type=product&#038;p=4015"},"modified":"2021-11-12T12:51:54","modified_gmt":"2021-11-12T12:51:54","slug":"kwaifeh-lychee-liqueur","status":"publish","type":"product","link":"https:\/\/amberbev.at\/de\/produkt\/likoere-de\/kwaifeh-lychee-liqueur\/","title":{"rendered":"KwaiFeh Lychee Liqueur"},"content":{"rendered":"<div id=\"ultimate-heading-5137614b8f5582bc7\" class=\"uvc-heading ult-adjust-bottom-margin ultimate-heading-5137614b8f5582bc7 uvc-4129 \" data-hspacer=\"line_only\" data-halign=\"left\">\n<div class=\"uvc-main-heading ult-responsive\" data-ultimate-target=\".uvc-heading.ultimate-heading-5137614b8f5582bc7 h2\" data-responsive-json-new=\"{&quot;font-size&quot;:&quot;desktop:30px;&quot;,&quot;line-height&quot;:&quot;desktop:35px;&quot;}\">\n<h2>Kwai Feh, der Lik\u00f6r mit zwei Gesichtern<\/h2>\n<\/div>\n<\/div>\n<div class=\"wpb_text_column wpb_content_element \">\n<div class=\"wpb_wrapper\">\n<p>Samtweich, leicht und k\u00fchl \u2013 aber auch s\u00fc\u00df, kraftvoll und ausgepr\u00e4gt. Die legend\u00e4re Geschichte \u00fcber Kwai Feh inspirierte DeKuyper zur Entwicklung eines geheimnisvollen, leichten und verf\u00fchrerischen Lik\u00f6rs. Kwai Feh f\u00e4ngt die reine Essenz der frischen Litschi-Frucht in einem leichten, nat\u00fcrlich schmeckenden Lik\u00f6r ein. Die rosa Farbe ist inspiriert von der Jade-Rosa-Farbe. Zur Zeit von Kaiser Ming und Kwai Feh war diese Farbe sehr kostbar und wurde stark mit Sch\u00f6nheit assoziiert. Der Kaiser erlaubte nur Kwai Feh, sie zu tragen, weil sie so sch\u00f6n aussah. Die reine Essenz der frischen Litschi-Frucht, eingefangen in einem leichten und s\u00fc\u00dfen Lik\u00f6r, inspiriert junge Trendsetter dazu, die Leichtigkeit und Liebe im Leben zu genie\u00dfen.<\/p>\n<p>Die leicht zarte rosa F\u00e4rbung gilt vor allem in der Bartender &amp; Barkeeper Szene als ideal um den Cocktail nicht zu verf\u00e4rben und trotzdem einen exotischen, raffinierten und unverkennbaren Touch zu erhalten \u2013 den es in dieser Art sonst nicht gibt.<\/p>\n<\/div>\n<\/div>\n","protected":false},"excerpt":{"rendered":"<p>Kwai Feh, der Lik\u00f6r mit zwei Gesichtern Samtweich, leicht und k\u00fchl \u2013 aber auch s\u00fc\u00df, kraftvoll und ausgepr\u00e4gt. Die legend\u00e4re Geschichte \u00fcber Kwai Feh inspirierte DeKuyper zur Entwicklung eines geheimnisvollen,&#8230;<\/p>\n","protected":false},"featured_media":4018,"template":"","meta":{"_acf_changed":false,"inline_featured_image":false},"product_cat":[238],"product_tag":[],"class_list":{"0":"post-4015","1":"product","2":"type-product","3":"status-publish","4":"has-post-thumbnail","6":"product_cat-likoere-de","8":"first","9":"instock","10":"shipping-taxable","11":"product-type-simple"},"acf":[],"_links":{"self":[{"href":"https:\/\/amberbev.at\/de\/wp-json\/wp\/v2\/product\/4015"}],"collection":[{"href":"https:\/\/amberbev.at\/de\/wp-json\/wp\/v2\/product"}],"about":[{"href":"https:\/\/amberbev.at\/de\/wp-json\/wp\/v2\/types\/product"}],"wp:featuredmedia":[{"embeddable":true,"href":"https:\/\/amberbev.at\/de\/wp-json\/wp\/v2\/media\/4018"}],"wp:attachment":[{"href":"https:\/\/amberbev.at\/de\/wp-json\/wp\/v2\/media?parent=4015"}],"wp:term":[{"taxonomy":"product_cat","embeddable":true,"href":"https:\/\/amberbev.at\/de\/wp-json\/wp\/v2\/product_cat?post=4015"},{"taxonomy":"product_tag","embeddable":true,"href":"https:\/\/amberbev.at\/de\/wp-json\/wp\/v2\/product_tag?post=4015"}],"curies":[{"name":"wp","href":"https:\/\/api.w.org\/{rel}","templated":true}]}}