{"id":4111,"date":"2021-09-23T09:45:18","date_gmt":"2021-09-23T09:45:18","guid":{"rendered":"https:\/\/amberbev.at\/?post_type=product&#038;p=4111"},"modified":"2021-10-13T12:14:09","modified_gmt":"2021-10-13T12:14:09","slug":"riga-black-balsam-classic-original","status":"publish","type":"product","link":"https:\/\/amberbev.at\/de\/produkt\/bitters-de\/riga-black-balsam-classic-original\/","title":{"rendered":"Riga Black Balsam Classic &#8211; Original"},"content":{"rendered":"<h2>Elixier for life<\/h2>\n<p>Die Originalversion von Riga Black Balsam Kr\u00e4uterbitter wird aus einer Kombination von 24 Zutaten hergestellt &#8211; Kr\u00e4uter, Wurzeln, Beeren, Fruchts\u00e4fte, Honig, gebrannter Zucker und einige sehr spezielle Zutaten wie Goldhut, Enzian, peruanisches Balsam\u00f6l.<\/p>\n<p>Ein aufregendes und atemberaubendes Erlebnis mit vielseitigem Geschmack. Weich und gleichzeitig bitter. Genie\u00dfen Sie ihn pur oder in den Cocktails Ihrer Wahl.<\/p>\n<p>Bei der Herstellung verwenden wir unsere einzigartige Einzelfass-Infusionstechnologie. Botanicals werden in einer Spirituosen-Wasser-Mischung infundiert, um das zu schaffen, was wir &#8220;Riga Black Balsam Essenz&#8221; nennen.<\/p>\n<p>Anschlie\u00dfend wird die Essenz mit den \u00fcbrigen Zutaten wie Honig, Karamell und nat\u00fcrlichen S\u00e4ften vermischt und in nat\u00fcrliche Tonflaschen abgef\u00fcllt, die die urspr\u00fcngliche, einzigartige Anziehungskraft bewahren und die Eigenschaften des Getr\u00e4nks erhalten.<\/p>\n<p>Zeitgem\u00e4\u00dfer bitter-s\u00fc\u00dfer Geschmack mit komplexen Kr\u00e4uternoten;<br \/>\nKombiniert die sanfte S\u00fc\u00dfe von Lindenbl\u00fcten, Himbeere, Heidelbeere, Honig und Karamell;<br \/>\nW\u00fcrzige Note von Ingwer und Muskatnuss;<br \/>\nVielseitiger Geschmack, perfekt f\u00fcr die moderne Mixologie und sogar f\u00fcr die K\u00fcche;<\/p>\n","protected":false},"excerpt":{"rendered":"<p>Elixier for life Die Originalversion von Riga Black Balsam Kr\u00e4uterbitter wird aus einer Kombination von 24 Zutaten hergestellt &#8211; Kr\u00e4uter, Wurzeln, Beeren, Fruchts\u00e4fte, Honig, gebrannter Zucker und einige sehr spezielle&#8230;<\/p>\n","protected":false},"featured_media":4116,"template":"","meta":{"_acf_changed":false,"inline_featured_image":false},"product_cat":[235,238],"product_tag":[],"class_list":{"0":"post-4111","1":"product","2":"type-product","3":"status-publish","4":"has-post-thumbnail","6":"product_brand-riga-black-balsam","7":"product_cat-bitters-de","8":"product_cat-likoere-de","10":"first","11":"instock","12":"shipping-taxable","13":"product-type-variable"},"acf":[],"_links":{"self":[{"href":"https:\/\/amberbev.at\/de\/wp-json\/wp\/v2\/product\/4111"}],"collection":[{"href":"https:\/\/amberbev.at\/de\/wp-json\/wp\/v2\/product"}],"about":[{"href":"https:\/\/amberbev.at\/de\/wp-json\/wp\/v2\/types\/product"}],"wp:featuredmedia":[{"embeddable":true,"href":"https:\/\/amberbev.at\/de\/wp-json\/wp\/v2\/media\/4116"}],"wp:attachment":[{"href":"https:\/\/amberbev.at\/de\/wp-json\/wp\/v2\/media?parent=4111"}],"wp:term":[{"taxonomy":"product_cat","embeddable":true,"href":"https:\/\/amberbev.at\/de\/wp-json\/wp\/v2\/product_cat?post=4111"},{"taxonomy":"product_tag","embeddable":true,"href":"https:\/\/amberbev.at\/de\/wp-json\/wp\/v2\/product_tag?post=4111"}],"curies":[{"name":"wp","href":"https:\/\/api.w.org\/{rel}","templated":true}]}}