{"id":4121,"date":"2021-09-23T09:45:58","date_gmt":"2021-09-23T09:45:58","guid":{"rendered":"https:\/\/amberbev.at\/?post_type=product&#038;p=4121"},"modified":"2021-10-13T12:14:03","modified_gmt":"2021-10-13T12:14:03","slug":"riga-black-balsam-currant","status":"publish","type":"product","link":"https:\/\/amberbev.at\/de\/produkt\/bitters-de\/riga-black-balsam-currant\/","title":{"rendered":"Riga Black Balsam Currant"},"content":{"rendered":"<h2>Elixier for life<\/h2>\n<p>Ein moderner internationaler Bitter mit dem original Riga Black Balsam Kr\u00e4uterbitter, angereichert mit nat\u00fcrlichem nordischen Johannisbeersaft f\u00fcr ein neues Geschmackserlebnis.<\/p>\n<p>Eine perfekte Harmonie von s\u00fc\u00dfen und sauren Aromen mit reifem Beerenaroma. Genie\u00dfen Sie ihn pur oder in den Cocktails Ihrer Wahl.<\/p>\n<p>Bei der Herstellung verwenden wir unsere einzigartige Einzelfass-Infusionstechnologie. Die Botanicals werden in einer Spirituosen-Wasser-Mischung infundiert, um das zu schaffen, was wir &#8220;Riga Black Balsam Essenz&#8221; nennen.<\/p>\n<p>Anschlie\u00dfend wird die Essenz mit den \u00fcbrigen Zutaten wie Honig, Karamell und nat\u00fcrlichen S\u00e4ften vermischt und in nat\u00fcrliche Tonflaschen abgef\u00fcllt, die die urspr\u00fcngliche, einzigartige Anziehungskraft bewahren und die Eigenschaften des Getr\u00e4nks erhalten.<\/p>\n<p>Halbbitter; s\u00fc\u00df-s\u00e4uerlicher Geschmack mit reifem Beerenaroma<\/p>\n","protected":false},"excerpt":{"rendered":"<p>Elixier for life Ein moderner internationaler Bitter mit dem original Riga Black Balsam Kr\u00e4uterbitter, angereichert mit nat\u00fcrlichem nordischen Johannisbeersaft f\u00fcr ein neues Geschmackserlebnis. Eine perfekte Harmonie von s\u00fc\u00dfen und sauren&#8230;<\/p>\n","protected":false},"featured_media":4127,"template":"","meta":{"_acf_changed":false,"inline_featured_image":false},"product_cat":[235,238],"product_tag":[],"class_list":{"0":"post-4121","1":"product","2":"type-product","3":"status-publish","4":"has-post-thumbnail","6":"product_brand-riga-black-balsam","7":"product_cat-bitters-de","8":"product_cat-likoere-de","10":"first","11":"instock","12":"shipping-taxable","13":"product-type-simple"},"acf":[],"_links":{"self":[{"href":"https:\/\/amberbev.at\/de\/wp-json\/wp\/v2\/product\/4121"}],"collection":[{"href":"https:\/\/amberbev.at\/de\/wp-json\/wp\/v2\/product"}],"about":[{"href":"https:\/\/amberbev.at\/de\/wp-json\/wp\/v2\/types\/product"}],"wp:featuredmedia":[{"embeddable":true,"href":"https:\/\/amberbev.at\/de\/wp-json\/wp\/v2\/media\/4127"}],"wp:attachment":[{"href":"https:\/\/amberbev.at\/de\/wp-json\/wp\/v2\/media?parent=4121"}],"wp:term":[{"taxonomy":"product_cat","embeddable":true,"href":"https:\/\/amberbev.at\/de\/wp-json\/wp\/v2\/product_cat?post=4121"},{"taxonomy":"product_tag","embeddable":true,"href":"https:\/\/amberbev.at\/de\/wp-json\/wp\/v2\/product_tag?post=4121"}],"curies":[{"name":"wp","href":"https:\/\/api.w.org\/{rel}","templated":true}]}}