{"id":4129,"date":"2021-09-23T09:49:37","date_gmt":"2021-09-23T09:49:37","guid":{"rendered":"https:\/\/amberbev.at\/?post_type=product&#038;p=4129"},"modified":"2021-10-13T12:13:57","modified_gmt":"2021-10-13T12:13:57","slug":"riga-black-balsam-cherry","status":"publish","type":"product","link":"https:\/\/amberbev.at\/de\/produkt\/bitters-de\/riga-black-balsam-cherry\/","title":{"rendered":"Riga Black Balsam Cherry"},"content":{"rendered":"<h2>Elixier for life<\/h2>\n<p>Zeitgem\u00e4\u00dfer internationaler Bitter &#8211; hat einen originellen, modernen und einzigartigen Geschmack, der aus der Kombination von Rigaer Schwarzbalsam mit Kirschsaft entsteht. Ein harmonisches Gleichgewicht zwischen der S\u00fc\u00dfe und Bitterkeit des Getr\u00e4nks mit einem starken Kirscharoma.<\/p>\n<p>Das Aroma weist unterschwellige Noten von Kirsche, Kirschkernen und Bl\u00e4ttern auf. Der Zusatz von Ingwer verleiht dem Getr\u00e4nk ein Gef\u00fchl von Frische. Genie\u00dfen Sie ihn pur oder in Cocktails Ihrer Wahl.<\/p>\n<p>Bei der Herstellung verwenden wir unsere einzigartige Einzelfass-Infusionstechnologie. Die Botanicals werden in einer Spirituosen-Wasser-Mischung aufgegossen, um das zu schaffen, was wir &#8220;Riga Black Balsam Essenz&#8221; nennen.<\/p>\n<p>Anschlie\u00dfend wird die Essenz mit den \u00fcbrigen Zutaten wie Honig, Karamell und nat\u00fcrlichen S\u00e4ften vermischt und in nat\u00fcrliche Tonflaschen abgef\u00fcllt, die die urspr\u00fcngliche, einzigartige Anziehungskraft bewahren und die Eigenschaften des Getr\u00e4nks erhalten.<\/p>\n<p>Halbbitter, Mischung mit hochwertigem, nat\u00fcrlichem Kirschsaft, Ein harmonisches Gleichgewicht zwischen S\u00fc\u00dfe und Bitterkeit mit starkem Kirscharoma, Aroma mit unterschwelligen Noten von Kirsche, Kirschkernen und Bl\u00e4ttern<\/p>\n","protected":false},"excerpt":{"rendered":"<p>Elixier for life Zeitgem\u00e4\u00dfer internationaler Bitter &#8211; hat einen originellen, modernen und einzigartigen Geschmack, der aus der Kombination von Rigaer Schwarzbalsam mit Kirschsaft entsteht. Ein harmonisches Gleichgewicht zwischen der S\u00fc\u00dfe&#8230;<\/p>\n","protected":false},"featured_media":4131,"template":"","meta":{"_acf_changed":false,"inline_featured_image":false},"product_cat":[235,238],"product_tag":[],"class_list":{"0":"post-4129","1":"product","2":"type-product","3":"status-publish","4":"has-post-thumbnail","6":"product_brand-riga-black-balsam","7":"product_cat-bitters-de","8":"product_cat-likoere-de","10":"first","11":"instock","12":"shipping-taxable","13":"product-type-simple"},"acf":[],"_links":{"self":[{"href":"https:\/\/amberbev.at\/de\/wp-json\/wp\/v2\/product\/4129"}],"collection":[{"href":"https:\/\/amberbev.at\/de\/wp-json\/wp\/v2\/product"}],"about":[{"href":"https:\/\/amberbev.at\/de\/wp-json\/wp\/v2\/types\/product"}],"wp:featuredmedia":[{"embeddable":true,"href":"https:\/\/amberbev.at\/de\/wp-json\/wp\/v2\/media\/4131"}],"wp:attachment":[{"href":"https:\/\/amberbev.at\/de\/wp-json\/wp\/v2\/media?parent=4129"}],"wp:term":[{"taxonomy":"product_cat","embeddable":true,"href":"https:\/\/amberbev.at\/de\/wp-json\/wp\/v2\/product_cat?post=4129"},{"taxonomy":"product_tag","embeddable":true,"href":"https:\/\/amberbev.at\/de\/wp-json\/wp\/v2\/product_tag?post=4129"}],"curies":[{"name":"wp","href":"https:\/\/api.w.org\/{rel}","templated":true}]}}