{"id":5241,"date":"2022-01-13T08:39:06","date_gmt":"2022-01-13T08:39:06","guid":{"rendered":"https:\/\/amberbev.at\/?post_type=product&#038;p=5241"},"modified":"2022-01-13T08:39:06","modified_gmt":"2022-01-13T08:39:06","slug":"peachtree","status":"publish","type":"product","link":"https:\/\/amberbev.at\/de\/produkt\/likoere-de\/peachtree\/","title":{"rendered":"Peachtree"},"content":{"rendered":"<p>Die Geschichte beginnt in den fr\u00fchen 80er Jahren. Die Anti-Alkohol-Stimmung aufgrund von Bedenken wegen Trunkenheit am Steuer f\u00fchrte zu einem R\u00fcckgang der Verk\u00e4ufe von Spirituosen mit hohem Alkoholgehalt wie Wodka und Whiskey.<br \/>\nEs gab ein klares Bed\u00fcrfnis der Verbraucher nach einem leichteren, s\u00fc\u00dferen Produkt mit geringerem Alkoholgehalt. Die Pfirsichb\u00e4ume im Garten unseres Geschmacksforschers inspirierten ihn zur Entwicklung eines Pfirsichlik\u00f6rs.<br \/>\nDe Kuyper waren die ersten, die einen Lik\u00f6r entwickelt haben, der den Geschmack und den Geruch von baumreifen Pfirsichen hat und nach einem ausgewogenen Rezept und einer schonenden Destillation hergestellt wird. Daher lautet der offizielle Name Original Peachtree.<\/p>\n<p>Der weltweit meistverkaufte Pfirsichlik\u00f6r wurde mit der ISC-Goldmedaille 2021 ausgezeichnet.<\/p>\n<p>Der beispiellose Erfolg von Peachtree war bei seiner Einf\u00fchrung 1984 offensichtlich, als innerhalb von 10 Monaten 1.000.000 9L verkauft wurden. Seit seiner Einf\u00fchrung hat Peachtree weltweit eine erstaunliche Menge von mehr als 500 Millionen Flaschen verkauft. Das Produkt ist in \u00fcber 100 L\u00e4ndern erh\u00e4ltlich.<\/p>\n<p>Wie die New York Times schrieb, &#8220;s\u00fc\u00df und unkompliziert, etwas, an das man sich nicht gew\u00f6hnen muss, wie an Whisky oder trockenen Rotwein&#8221;. Der Lik\u00f6r ist klar und unterstreicht seine Leichtigkeit und Mischbarkeit<\/p>\n","protected":false},"excerpt":{"rendered":"<p>Die Geschichte beginnt in den fr\u00fchen 80er Jahren. Die Anti-Alkohol-Stimmung aufgrund von Bedenken wegen Trunkenheit am Steuer f\u00fchrte zu einem R\u00fcckgang der Verk\u00e4ufe von Spirituosen mit hohem Alkoholgehalt wie Wodka&#8230;<\/p>\n","protected":false},"featured_media":5244,"template":"","meta":{"_acf_changed":false,"inline_featured_image":false},"product_cat":[238],"product_tag":[],"class_list":{"0":"post-5241","1":"product","2":"type-product","3":"status-publish","4":"has-post-thumbnail","6":"product_brand-peachtree","7":"product_cat-likoere-de","9":"first","10":"instock","11":"shipping-taxable","12":"product-type-simple"},"acf":[],"_links":{"self":[{"href":"https:\/\/amberbev.at\/de\/wp-json\/wp\/v2\/product\/5241"}],"collection":[{"href":"https:\/\/amberbev.at\/de\/wp-json\/wp\/v2\/product"}],"about":[{"href":"https:\/\/amberbev.at\/de\/wp-json\/wp\/v2\/types\/product"}],"wp:featuredmedia":[{"embeddable":true,"href":"https:\/\/amberbev.at\/de\/wp-json\/wp\/v2\/media\/5244"}],"wp:attachment":[{"href":"https:\/\/amberbev.at\/de\/wp-json\/wp\/v2\/media?parent=5241"}],"wp:term":[{"taxonomy":"product_cat","embeddable":true,"href":"https:\/\/amberbev.at\/de\/wp-json\/wp\/v2\/product_cat?post=5241"},{"taxonomy":"product_tag","embeddable":true,"href":"https:\/\/amberbev.at\/de\/wp-json\/wp\/v2\/product_tag?post=5241"}],"curies":[{"name":"wp","href":"https:\/\/api.w.org\/{rel}","templated":true}]}}