{"id":5253,"date":"2022-01-14T08:35:11","date_gmt":"2022-01-14T08:35:11","guid":{"rendered":"https:\/\/amberbev.at\/?post_type=product&#038;p=5253"},"modified":"2022-01-14T08:35:11","modified_gmt":"2022-01-14T08:35:11","slug":"de-kuyper-pina-colada","status":"publish","type":"product","link":"https:\/\/amberbev.at\/de\/produkt\/likoere-de\/de-kuyper-pina-colada\/","title":{"rendered":"De Kuyper Pina Colada"},"content":{"rendered":"<p>Eine authentische karibische Tradition, die Sonnenunterg\u00e4nge und jede Menge Spa\u00df verspricht.<\/p>\n<p>Der Cocktail-Klassiker Pina Colada erinnert an Sonne, Sommer, Meer und Strand. Und genau dieses Gef\u00fchl gibt\u00b4s fertig gemischt in der Flasche. Eingek\u00fchlt oder auf Eis ein hervorragender Drink \u2013 ganz ohne viel Aufwand und komplizierten Zutaten, die es erst einmal zu finden gibt. Der Exotische Cocktail in der Flasche kommt von der weltber\u00fchmten Destillerie De Kuyper Royal aus den Niederlanden. Traumhafte, cremige Noten von Rum, Kokosn\u00fcssen und Ananas mit Sahne verleihen den typischen, herrlichen Pina-Colada Geschmack. Mit einem angenehmen Alkoholgehalt von 14,5% f\u00fcr fast jeden Anlass geeignet.<\/p>\n<p>&nbsp;<\/p>\n","protected":false},"excerpt":{"rendered":"<p>Eine authentische karibische Tradition, die Sonnenunterg\u00e4nge und jede Menge Spa\u00df verspricht. Der Cocktail-Klassiker Pina Colada erinnert an Sonne, Sommer, Meer und Strand. Und genau dieses Gef\u00fchl gibt\u00b4s fertig gemischt in&#8230;<\/p>\n","protected":false},"featured_media":5259,"template":"","meta":{"_acf_changed":false,"inline_featured_image":false},"product_cat":[238],"product_tag":[],"class_list":{"0":"post-5253","1":"product","2":"type-product","3":"status-publish","4":"has-post-thumbnail","6":"product_brand-de-kuyper-royal","7":"product_cat-likoere-de","9":"first","10":"instock","11":"shipping-taxable","12":"product-type-simple"},"acf":[],"_links":{"self":[{"href":"https:\/\/amberbev.at\/de\/wp-json\/wp\/v2\/product\/5253"}],"collection":[{"href":"https:\/\/amberbev.at\/de\/wp-json\/wp\/v2\/product"}],"about":[{"href":"https:\/\/amberbev.at\/de\/wp-json\/wp\/v2\/types\/product"}],"wp:featuredmedia":[{"embeddable":true,"href":"https:\/\/amberbev.at\/de\/wp-json\/wp\/v2\/media\/5259"}],"wp:attachment":[{"href":"https:\/\/amberbev.at\/de\/wp-json\/wp\/v2\/media?parent=5253"}],"wp:term":[{"taxonomy":"product_cat","embeddable":true,"href":"https:\/\/amberbev.at\/de\/wp-json\/wp\/v2\/product_cat?post=5253"},{"taxonomy":"product_tag","embeddable":true,"href":"https:\/\/amberbev.at\/de\/wp-json\/wp\/v2\/product_tag?post=5253"}],"curies":[{"name":"wp","href":"https:\/\/api.w.org\/{rel}","templated":true}]}}