{"id":5358,"date":"2022-02-03T12:03:54","date_gmt":"2022-02-03T12:03:54","guid":{"rendered":"https:\/\/amberbev.at\/?post_type=product&#038;p=5358"},"modified":"2022-02-03T14:34:33","modified_gmt":"2022-02-03T14:34:33","slug":"the-irishman-caribbean-cask-finish","status":"publish","type":"product","link":"https:\/\/amberbev.at\/de\/produkt\/whisky-bourbon-de\/irish\/the-irishman-caribbean-cask-finish\/","title":{"rendered":"The Irishman &#8211; Caribbean Cask Finish"},"content":{"rendered":"<p>The Irishman Caribbean Cask Finish ist ein irischer Super-Premium-Whiskey, der in Rumf\u00e4ssern von der winzigen tropischen Karibikinsel St. Lucia gereift ist und den Charakter von St. Lucia mit dem irischen Erbe verbindet. Eine einzigartige Kombination aus Single Malt und Single Pot Still, dreifach destilliert, hergestellt aus einer Maische, die ausschlie\u00dflich aus irischer Gerste besteht. Zun\u00e4chst reifte er in Bourbonf\u00e4ssern aus amerikanischer Eiche, bevor er f\u00fcr weitere 6 Monate in Chairman&#8217;s Reserve Rumf\u00e4ssern gelagert wurde. Dekadent und tropisch. Der s\u00fc\u00dfe Rum aus St. Lucia ist ein spektakul\u00e4rer Genuss f\u00fcr die Sinne. Ein wahrhaft exotischer Dram. Abgef\u00fcllt mit 46% ABV.<\/p>\n<p>Nase: Exotischer Rum, Aprikosen und Sommerfr\u00fcchte.<br \/>\nGeschmack: Avalanche von tropischen Fr\u00fcchten und lebendigen Gew\u00fcrzen.<br \/>\nAbgang:\u00a0Feigen, Bananen und Eichengew\u00fcrze vermischen sich zu einer spektakul\u00e4ren karibischen Note.<\/p>\n<p>&nbsp;<\/p>\n<div id=\"gtx-trans\" style=\"position: absolute; left: -20px; top: 0px;\">\n<div class=\"gtx-trans-icon\"><\/div>\n<\/div>\n","protected":false},"excerpt":{"rendered":"<p>The Irishman Caribbean Cask Finish ist ein irischer Super-Premium-Whiskey, der in Rumf\u00e4ssern von der winzigen tropischen Karibikinsel St. Lucia gereift ist und den Charakter von St. Lucia mit dem irischen&#8230;<\/p>\n","protected":false},"featured_media":5360,"template":"","meta":{"_acf_changed":false,"inline_featured_image":false},"product_cat":[556,248],"product_tag":[],"class_list":{"0":"post-5358","1":"product","2":"type-product","3":"status-publish","4":"has-post-thumbnail","6":"product_brand-irishman","7":"product_cat-irish","8":"product_cat-whisky-bourbon-de","10":"first","11":"instock","12":"shipping-taxable","13":"product-type-simple"},"acf":[],"_links":{"self":[{"href":"https:\/\/amberbev.at\/de\/wp-json\/wp\/v2\/product\/5358"}],"collection":[{"href":"https:\/\/amberbev.at\/de\/wp-json\/wp\/v2\/product"}],"about":[{"href":"https:\/\/amberbev.at\/de\/wp-json\/wp\/v2\/types\/product"}],"wp:featuredmedia":[{"embeddable":true,"href":"https:\/\/amberbev.at\/de\/wp-json\/wp\/v2\/media\/5360"}],"wp:attachment":[{"href":"https:\/\/amberbev.at\/de\/wp-json\/wp\/v2\/media?parent=5358"}],"wp:term":[{"taxonomy":"product_cat","embeddable":true,"href":"https:\/\/amberbev.at\/de\/wp-json\/wp\/v2\/product_cat?post=5358"},{"taxonomy":"product_tag","embeddable":true,"href":"https:\/\/amberbev.at\/de\/wp-json\/wp\/v2\/product_tag?post=5358"}],"curies":[{"name":"wp","href":"https:\/\/api.w.org\/{rel}","templated":true}]}}