{"id":5370,"date":"2022-02-03T13:41:02","date_gmt":"2022-02-03T13:41:02","guid":{"rendered":"https:\/\/amberbev.at\/?post_type=product&#038;p=5370"},"modified":"2022-02-03T13:45:25","modified_gmt":"2022-02-03T13:45:25","slug":"the-irishman-cask-strength","status":"publish","type":"product","link":"https:\/\/amberbev.at\/de\/produkt\/whisky-bourbon-de\/irish\/the-irishman-cask-strength\/","title":{"rendered":"The Irishman &#8211; Cask strength"},"content":{"rendered":"<p>Der Cask Strength-Serie ist eine j\u00e4hrliche Feier einer der gr\u00f6\u00dften Traditionen des irischen Whiskeys. Ein Revival, das dazu beitr\u00e4gt, einen Whiskey-Stil aus dem Herzen der goldenen \u00c4ra des irischen Whiskeys zu pr\u00e4sentieren. Diese Flasche ist Vergangenheit und Zukunft in einem. Jede Cask Strength-Ausgabe enth\u00e4lt unseren charakteristischen dreifach destillierten Single Malt und Single Pot Still Whiskey. Die au\u00dfergew\u00f6hnlichen F\u00e4sser, die f\u00fcr diesen j\u00e4hrlichen Jahrgang verwendet werden, werden vom Gr\u00fcnder von The Irishman, Bernard Walsh, handverlesen. Jedes Jahr gibt es eine neue limitierte Auflage, so dass Sie denselben Whiskey nie zweimal erleben werden. The Irishman &#8211; Cask Strength ist j\u00e4hrlich in streng limitierten Mengen erh\u00e4ltlich und jede Flasche ist einmalig nummeriert. The Irishman &#8211; Cask Strength 2022 wird mit 54,9% ABV abgef\u00fcllt und ist auf 6.100 Flaschen limitiert (1.200 f\u00fcr die USA und 4.900 f\u00fcr den Rest der Welt).<\/p>\n<p>Nase: Gr\u00fcne Fr\u00fcchte: Apfel und Birne; dekadente Gew\u00fcrze wie Zimt, Muskatnuss und Nelke.<br \/>\nGeschmack: S\u00fc\u00dfe Apfelbl\u00fcte, wilde Honigwabe und nussige W\u00fcrze.<br \/>\nAbgang: Walnuss, Schokolade und getoastete Eiche.<\/p>\n<div id=\"gtx-trans\" style=\"position: absolute; left: -20px; top: 0px;\">\n<div class=\"gtx-trans-icon\"><\/div>\n<\/div>\n","protected":false},"excerpt":{"rendered":"<p>Der Cask Strength-Serie ist eine j\u00e4hrliche Feier einer der gr\u00f6\u00dften Traditionen des irischen Whiskeys. Ein Revival, das dazu beitr\u00e4gt, einen Whiskey-Stil aus dem Herzen der goldenen \u00c4ra des irischen Whiskeys&#8230;<\/p>\n","protected":false},"featured_media":5362,"template":"","meta":{"_acf_changed":false,"inline_featured_image":false},"product_cat":[556,248],"product_tag":[],"class_list":{"0":"post-5370","1":"product","2":"type-product","3":"status-publish","4":"has-post-thumbnail","6":"product_brand-irishman","7":"product_cat-irish","8":"product_cat-whisky-bourbon-de","10":"first","11":"instock","12":"shipping-taxable","13":"product-type-simple"},"acf":[],"_links":{"self":[{"href":"https:\/\/amberbev.at\/de\/wp-json\/wp\/v2\/product\/5370"}],"collection":[{"href":"https:\/\/amberbev.at\/de\/wp-json\/wp\/v2\/product"}],"about":[{"href":"https:\/\/amberbev.at\/de\/wp-json\/wp\/v2\/types\/product"}],"wp:featuredmedia":[{"embeddable":true,"href":"https:\/\/amberbev.at\/de\/wp-json\/wp\/v2\/media\/5362"}],"wp:attachment":[{"href":"https:\/\/amberbev.at\/de\/wp-json\/wp\/v2\/media?parent=5370"}],"wp:term":[{"taxonomy":"product_cat","embeddable":true,"href":"https:\/\/amberbev.at\/de\/wp-json\/wp\/v2\/product_cat?post=5370"},{"taxonomy":"product_tag","embeddable":true,"href":"https:\/\/amberbev.at\/de\/wp-json\/wp\/v2\/product_tag?post=5370"}],"curies":[{"name":"wp","href":"https:\/\/api.w.org\/{rel}","templated":true}]}}