{"id":5486,"date":"2022-03-22T09:12:16","date_gmt":"2022-03-22T09:12:16","guid":{"rendered":"https:\/\/amberbev.at\/product\/uncategorized\/three-sixty-vodka-original\/"},"modified":"2022-03-23T08:37:39","modified_gmt":"2022-03-23T08:37:39","slug":"three-sixty-vodka-original","status":"publish","type":"product","link":"https:\/\/amberbev.at\/de\/produkt\/vodka-de\/three-sixty-vodka-original\/","title":{"rendered":"Three Sixty Vodka Original"},"content":{"rendered":"<p>Three Sixty Vodka ist ein echter Premium-Vodka aus Berlin: ehrlich, kompromisslos, m\u00e4nnlich \u2013 und Diamant-filtriert.<\/p>\n<p>Das edle Flaschendesign mit der markanten Brillanzglas-Flasche mit Facettenschliff und dem Black-Velvet-Samtlabel lassen an seiner Exklusivit\u00e4t keine Zweifel aufkommen.<\/p>\n<p>Three Sixty Vodka, mit einem Volumenanteil von 37,5% Prozent, wird nicht ohne Grund als der \u201eDiamant unter den Vodkas\u201c bezeichnet. F\u00fcr seine Herstellung wird nur bester Weizen verwendet. Nach einem aufw\u00e4ndigen vierfachen Destillationsverfahren erfolgt die Reinigung des Vodkas durch die Diamond-Filtration. Denn nur so k\u00f6nnen sie sicher sein, dass Three Sixty Vodka den hohen qualitativen Anspr\u00fcchen entspricht. Und Ihren auch.<\/p>\n<p>Mit Hilfe der Diamond-Filtration passiert das Destillat mehrere Filterschichten, die mit Diamant-Kristallstaub versehen sind. Damit werden selbst kleinste Schwebepartikel aus dem Destillat entfernt, was eine Filtration bis auf 1 Mikron erlaubt \u2013 also ein Tausendstel eines Millimeters. Zum Vergleich: 15\u201330 Mikron sind absolut normal.<\/p>\n<p>Das Ergebnis: ein besonders reiner und unglaublich milder Vodka direkt aus Berlin in Deutschland.<\/p>\n","protected":false},"excerpt":{"rendered":"<p>Three Sixty Vodka ist ein echter Premium-Vodka aus Berlin: ehrlich, kompromisslos, m\u00e4nnlich \u2013 und Diamant-filtriert. Das edle Flaschendesign mit der markanten Brillanzglas-Flasche mit Facettenschliff und dem Black-Velvet-Samtlabel lassen an seiner&#8230;<\/p>\n","protected":false},"featured_media":5480,"template":"","meta":{"_acf_changed":false,"inline_featured_image":false},"product_cat":[249],"product_tag":[],"class_list":{"0":"post-5486","1":"product","2":"type-product","3":"status-publish","4":"has-post-thumbnail","6":"product_brand-three-sixty-vodka","7":"product_cat-vodka-de","9":"first","10":"instock","11":"shipping-taxable","12":"product-type-variable"},"acf":[],"_links":{"self":[{"href":"https:\/\/amberbev.at\/de\/wp-json\/wp\/v2\/product\/5486"}],"collection":[{"href":"https:\/\/amberbev.at\/de\/wp-json\/wp\/v2\/product"}],"about":[{"href":"https:\/\/amberbev.at\/de\/wp-json\/wp\/v2\/types\/product"}],"wp:featuredmedia":[{"embeddable":true,"href":"https:\/\/amberbev.at\/de\/wp-json\/wp\/v2\/media\/5480"}],"wp:attachment":[{"href":"https:\/\/amberbev.at\/de\/wp-json\/wp\/v2\/media?parent=5486"}],"wp:term":[{"taxonomy":"product_cat","embeddable":true,"href":"https:\/\/amberbev.at\/de\/wp-json\/wp\/v2\/product_cat?post=5486"},{"taxonomy":"product_tag","embeddable":true,"href":"https:\/\/amberbev.at\/de\/wp-json\/wp\/v2\/product_tag?post=5486"}],"curies":[{"name":"wp","href":"https:\/\/api.w.org\/{rel}","templated":true}]}}