{"id":5522,"date":"2022-03-23T08:46:03","date_gmt":"2022-03-23T08:46:03","guid":{"rendered":"https:\/\/amberbev.at\/?post_type=product&#038;p=5522"},"modified":"2022-03-23T08:48:08","modified_gmt":"2022-03-23T08:48:08","slug":"deja-vu","status":"publish","type":"product","link":"https:\/\/amberbev.at\/de\/produkt\/aperitif\/deja-vu\/","title":{"rendered":"D\u00e9j\u00e0 Vu"},"content":{"rendered":"<p>Oriental D\u00e8j\u00e1-Vu<\/p>\n<div class=\"elementor-element elementor-element-fd84008 elementor-widget elementor-widget-text-editor\" data-id=\"fd84008\" data-element_type=\"widget\" data-widget_type=\"text-editor.default\">\n<div class=\"elementor-widget-container\">D\u00e9j\u00e0-Vu eine\u00a0<b>Spirituose<\/b>\u00a0auf Basis von Weindestillat. Dieser\u00a0Aperitif\u00a0vereint die exotischen Geschm\u00e4cker dieser\u00a0Welt. Er\u00a0duftet wie ein Tag in der Fremde\u00a0und hat einen einzigartig raffinierten Geschmack.<\/div>\n<\/div>\n<div class=\"elementor-element elementor-element-029786e elementor-widget elementor-widget-text-editor\" data-id=\"029786e\" data-element_type=\"widget\" data-widget_type=\"text-editor.default\">\n<div class=\"elementor-widget-container\">\n<h5>Ein unaufdringliches, franz\u00f6sisches Weindestillat\u00a0schafft die Basis f\u00fcr fern\u00f6stliche Zitrusnoten,\u00a0leichte Ingwersch\u00e4rfe und orientalische Gew\u00fcrze.\u00a0D\u00e9j\u00e0-Vu\u00a0vereint Zutaten aus dem Herzen Europas\u00a0mit Ingredienzen der geheimsten Winkel der Erde.<\/h5>\n<\/div>\n<\/div>\n<div class=\"elementor-element elementor-element-25e3514 elementor-widget elementor-widget-text-editor\" data-id=\"25e3514\" data-element_type=\"widget\" data-widget_type=\"text-editor.default\">\n<div class=\"elementor-widget-container\">Ein Exot unter den\u00a0<b>Spirituosen<\/b>, der seine Vielseitigkeit in einer Reihe von\u00a0Cocktails\u00a0beweist.<br \/>\nD\u00e9j\u00e0-Vu\u00a0\u2013 Die Essenz der Ferne<\/div>\n<\/div>\n","protected":false},"excerpt":{"rendered":"<p>Oriental D\u00e8j\u00e1-Vu D\u00e9j\u00e0-Vu eine\u00a0Spirituose\u00a0auf Basis von Weindestillat. Dieser\u00a0Aperitif\u00a0vereint die exotischen Geschm\u00e4cker dieser\u00a0Welt. Er\u00a0duftet wie ein Tag in der Fremde\u00a0und hat einen einzigartig raffinierten Geschmack. Ein unaufdringliches, franz\u00f6sisches Weindestillat\u00a0schafft die Basis&#8230;<\/p>\n","protected":false},"featured_media":5525,"template":"","meta":{"_acf_changed":false,"inline_featured_image":false},"product_cat":[617],"product_tag":[],"class_list":{"0":"post-5522","1":"product","2":"type-product","3":"status-publish","4":"has-post-thumbnail","6":"product_brand-deja-vu","7":"product_cat-aperitif","9":"first","10":"instock","11":"shipping-taxable","12":"product-type-simple"},"acf":[],"_links":{"self":[{"href":"https:\/\/amberbev.at\/de\/wp-json\/wp\/v2\/product\/5522"}],"collection":[{"href":"https:\/\/amberbev.at\/de\/wp-json\/wp\/v2\/product"}],"about":[{"href":"https:\/\/amberbev.at\/de\/wp-json\/wp\/v2\/types\/product"}],"wp:featuredmedia":[{"embeddable":true,"href":"https:\/\/amberbev.at\/de\/wp-json\/wp\/v2\/media\/5525"}],"wp:attachment":[{"href":"https:\/\/amberbev.at\/de\/wp-json\/wp\/v2\/media?parent=5522"}],"wp:term":[{"taxonomy":"product_cat","embeddable":true,"href":"https:\/\/amberbev.at\/de\/wp-json\/wp\/v2\/product_cat?post=5522"},{"taxonomy":"product_tag","embeddable":true,"href":"https:\/\/amberbev.at\/de\/wp-json\/wp\/v2\/product_tag?post=5522"}],"curies":[{"name":"wp","href":"https:\/\/api.w.org\/{rel}","templated":true}]}}