{"id":5793,"date":"2022-08-20T11:12:53","date_gmt":"2022-08-20T11:12:53","guid":{"rendered":"https:\/\/amberbev.at\/?post_type=product&#038;p=5793"},"modified":"2022-08-29T09:16:35","modified_gmt":"2022-08-29T09:16:35","slug":"licor43-original","status":"publish","type":"product","link":"https:\/\/amberbev.at\/de\/produkt\/likoere-de\/licor43-original\/","title":{"rendered":"Licor 43 Original"},"content":{"rendered":"<p>Licor 43 ist ein Premium-Lik\u00f6r, der in Cartagena, Spanien, nach einem geheimen spanischen Familienrezept aus 43 nat\u00fcrlichen Zutaten hergestellt wird, darunter mediterrane Zitrusfr\u00fcchte und ausgew\u00e4hlte Botanicals.<\/p>\n<p>Sein komplexes, aber harmonisches Geschmacksprofil l\u00e4sst sich auf vier Ebenen wahrnehmen: die Reminiszenz an die lebendigen Aromen mediterraner Zitrusg\u00e4rten, die botanische und subtil w\u00fcrzige Note von Koriander, der s\u00fc\u00dfe Geschmack von reifen Fr\u00fcchten und Nuancen von Vanille und die blumigen Noten von<br \/>\nmediterraner Orangen- und Zitronenbl\u00fcten.<\/p>\n","protected":false},"excerpt":{"rendered":"<p>Licor 43 ist ein Premium-Lik\u00f6r, der in Cartagena, Spanien, nach einem geheimen spanischen Familienrezept aus 43 nat\u00fcrlichen Zutaten hergestellt wird, darunter mediterrane Zitrusfr\u00fcchte und ausgew\u00e4hlte Botanicals. Sein komplexes, aber harmonisches&#8230;<\/p>\n","protected":false},"featured_media":5962,"template":"","meta":{"_acf_changed":false,"inline_featured_image":false},"product_cat":[238],"product_tag":[],"class_list":{"0":"post-5793","1":"product","2":"type-product","3":"status-publish","4":"has-post-thumbnail","6":"product_brand-licor43","7":"product_cat-likoere-de","9":"first","10":"instock","11":"shipping-taxable","12":"product-type-variable"},"acf":[],"_links":{"self":[{"href":"https:\/\/amberbev.at\/de\/wp-json\/wp\/v2\/product\/5793"}],"collection":[{"href":"https:\/\/amberbev.at\/de\/wp-json\/wp\/v2\/product"}],"about":[{"href":"https:\/\/amberbev.at\/de\/wp-json\/wp\/v2\/types\/product"}],"wp:featuredmedia":[{"embeddable":true,"href":"https:\/\/amberbev.at\/de\/wp-json\/wp\/v2\/media\/5962"}],"wp:attachment":[{"href":"https:\/\/amberbev.at\/de\/wp-json\/wp\/v2\/media?parent=5793"}],"wp:term":[{"taxonomy":"product_cat","embeddable":true,"href":"https:\/\/amberbev.at\/de\/wp-json\/wp\/v2\/product_cat?post=5793"},{"taxonomy":"product_tag","embeddable":true,"href":"https:\/\/amberbev.at\/de\/wp-json\/wp\/v2\/product_tag?post=5793"}],"curies":[{"name":"wp","href":"https:\/\/api.w.org\/{rel}","templated":true}]}}