{"id":5822,"date":"2022-08-20T09:41:22","date_gmt":"2022-08-20T09:41:22","guid":{"rendered":"https:\/\/amberbev.at\/?post_type=product&#038;p=5822"},"modified":"2022-08-29T06:37:53","modified_gmt":"2022-08-29T06:37:53","slug":"martin-millers-original-gin","status":"publish","type":"product","link":"https:\/\/amberbev.at\/de\/produkt\/gin-de\/martin-millers-original-gin\/","title":{"rendered":"Martin Miller\u00b4s Original Gin"},"content":{"rendered":"<p>Martin Miller war eine seltsame Mischung. Im Grunde seines Herzens war er ein Traditionalist, aber gleichzeitig auch ein Vision\u00e4r mit einem starken Appetit auf Erfolg und der Seele eines K\u00fcnstlers. Als er seinen Gin kreierte, verlangte der Traditionalist in ihm, dass er einen Gin herstellte, der &#8220;nach Gin schmeckte&#8221; und nicht, wie er sagte, &#8220;nach irgendeinem hocharomatischen Konfekt&#8221;.<\/p>\n<p>Seine K\u00fcnstlerseele trieb ihn jedoch dazu, neue Wege zur L\u00f6sung des Problems vorzuschlagen, was einige als verr\u00fcckt empfanden. Er bestand darauf, nur die Methoden und Techniken der Gin-Macher der &#8220;alten Schule&#8221; zu verwenden, die l\u00e4ngst \u00fcberholt waren. Obwohl sie diese Ideen f\u00fcr verr\u00fcckt hielten, hielten seine Gr\u00fcnderkollegen zu ihm und brachten das hervor, was heute die meistausgezeichnete Super-Premium-Gin-Marke der letzten 15 Jahre ist&#8230; Genialit\u00e4t pur.<\/p>\n<p>Weich und delikat mit floralen Noten in der Nase und Zitrusfr\u00fcchten am Gaumen, die in einen ausgewogenen Wacholder und einen weichen, sauberen Abgang m\u00fcnden.<\/p>\n","protected":false},"excerpt":{"rendered":"<p>Martin Miller war eine seltsame Mischung. Im Grunde seines Herzens war er ein Traditionalist, aber gleichzeitig auch ein Vision\u00e4r mit einem starken Appetit auf Erfolg und der Seele eines K\u00fcnstlers&#8230;.<\/p>\n","protected":false},"featured_media":5831,"template":"","meta":{"_acf_changed":false,"inline_featured_image":false},"product_cat":[237],"product_tag":[],"class_list":{"0":"post-5822","1":"product","2":"type-product","3":"status-publish","4":"has-post-thumbnail","6":"product_brand-martin-millers","7":"product_cat-gin-de","9":"first","10":"instock","11":"shipping-taxable","12":"product-type-simple"},"acf":[],"_links":{"self":[{"href":"https:\/\/amberbev.at\/de\/wp-json\/wp\/v2\/product\/5822"}],"collection":[{"href":"https:\/\/amberbev.at\/de\/wp-json\/wp\/v2\/product"}],"about":[{"href":"https:\/\/amberbev.at\/de\/wp-json\/wp\/v2\/types\/product"}],"wp:featuredmedia":[{"embeddable":true,"href":"https:\/\/amberbev.at\/de\/wp-json\/wp\/v2\/media\/5831"}],"wp:attachment":[{"href":"https:\/\/amberbev.at\/de\/wp-json\/wp\/v2\/media?parent=5822"}],"wp:term":[{"taxonomy":"product_cat","embeddable":true,"href":"https:\/\/amberbev.at\/de\/wp-json\/wp\/v2\/product_cat?post=5822"},{"taxonomy":"product_tag","embeddable":true,"href":"https:\/\/amberbev.at\/de\/wp-json\/wp\/v2\/product_tag?post=5822"}],"curies":[{"name":"wp","href":"https:\/\/api.w.org\/{rel}","templated":true}]}}