{"id":5836,"date":"2022-08-20T10:06:36","date_gmt":"2022-08-20T10:06:36","guid":{"rendered":"https:\/\/amberbev.at\/?post_type=product&#038;p=5836"},"modified":"2022-08-29T06:38:34","modified_gmt":"2022-08-29T06:38:34","slug":"martin-millers-9moons-gin","status":"publish","type":"product","link":"https:\/\/amberbev.at\/de\/produkt\/gin-de\/martin-millers-9moons-gin\/","title":{"rendered":"Martin Miller\u00b4s 9 Moons Gin"},"content":{"rendered":"<p>Fast 17 Jahre nach der Markteinf\u00fchrung von Martin Miller&#8217;s Gin entstand 9 Moons als Ergebnis einiger experimenteller Cocktail-Kreationen einer abenteuerlustigen Gruppe von Mixologen in New York. Sie hatten Martin Miller&#8217;s Gin in Minif\u00e4sser gef\u00fcllt und damit erstaunliche Ergebnisse erzielt. Wir haben dann weiter experimentiert, indem wir F\u00e4sser aus franz\u00f6sischer Eiche in das kalte, trockene isl\u00e4ndische Klima brachten und unsere ganz spezielle 9 Moons-Mischung f\u00fcr unterschiedliche Zeitr\u00e4ume darin lagerten. Schlie\u00dflich fanden wir heraus, dass eine Reifung von 9 Monaten unter diesen Bedingungen das beste Aged Gin-Erlebnis hervorbringt.<\/p>\n<p>Die Intensit\u00e4t des Zitrusprofils von Martin Miller&#8217;s Gin wird durch die stark getoastete Eiche aus feinsten franz\u00f6sischen Eichenf\u00e4ssern noch verst\u00e4rkt. .<br \/>\nDie starke R\u00f6stung sorgt f\u00fcr S\u00fc\u00dfe und ein cremiges Mundgef\u00fchl.<br \/>\nDer Kontakt mit dem Eichenholz f\u00fcgt eine leichte Vanille- und Kokosnusss\u00fc\u00dfe hinzu, die wiederum die Gin-Botanicals, die sich hinter dem wesentlichen Wacholder verbergen, hervorhebt.<br \/>\nZitrusnoten und eine leichte Eichenholznote im Abgang werden durch die au\u00dfergew\u00f6hnliche Sanftheit des reinen isl\u00e4ndischen Quellwassers ausgeglichen.<\/p>\n","protected":false},"excerpt":{"rendered":"<p>Fast 17 Jahre nach der Markteinf\u00fchrung von Martin Miller&#8217;s Gin entstand 9 Moons als Ergebnis einiger experimenteller Cocktail-Kreationen einer abenteuerlustigen Gruppe von Mixologen in New York. Sie hatten Martin Miller&#8217;s&#8230;<\/p>\n","protected":false},"featured_media":5838,"template":"","meta":{"_acf_changed":false,"inline_featured_image":false},"product_cat":[237],"product_tag":[],"class_list":{"0":"post-5836","1":"product","2":"type-product","3":"status-publish","4":"has-post-thumbnail","6":"product_brand-martin-millers","7":"product_cat-gin-de","9":"first","10":"instock","11":"shipping-taxable","12":"product-type-simple"},"acf":[],"_links":{"self":[{"href":"https:\/\/amberbev.at\/de\/wp-json\/wp\/v2\/product\/5836"}],"collection":[{"href":"https:\/\/amberbev.at\/de\/wp-json\/wp\/v2\/product"}],"about":[{"href":"https:\/\/amberbev.at\/de\/wp-json\/wp\/v2\/types\/product"}],"wp:featuredmedia":[{"embeddable":true,"href":"https:\/\/amberbev.at\/de\/wp-json\/wp\/v2\/media\/5838"}],"wp:attachment":[{"href":"https:\/\/amberbev.at\/de\/wp-json\/wp\/v2\/media?parent=5836"}],"wp:term":[{"taxonomy":"product_cat","embeddable":true,"href":"https:\/\/amberbev.at\/de\/wp-json\/wp\/v2\/product_cat?post=5836"},{"taxonomy":"product_tag","embeddable":true,"href":"https:\/\/amberbev.at\/de\/wp-json\/wp\/v2\/product_tag?post=5836"}],"curies":[{"name":"wp","href":"https:\/\/api.w.org\/{rel}","templated":true}]}}