{"id":5846,"date":"2022-08-20T11:04:11","date_gmt":"2022-08-20T11:04:11","guid":{"rendered":"https:\/\/amberbev.at\/?post_type=product&#038;p=5846"},"modified":"2022-08-29T06:39:14","modified_gmt":"2022-08-29T06:39:14","slug":"martin-millers-winterful-gin","status":"publish","type":"product","link":"https:\/\/amberbev.at\/de\/produkt\/gin-de\/martin-millers-winterful-gin\/","title":{"rendered":"Martin Miller\u00b4s Winterful Gin"},"content":{"rendered":"<p>Eine Antwort auf die Nachfrage der Verbraucher nach mehr Gin, die nicht nur den Markttrends f\u00fcr Flavoured Gins folgt; das ist Innovation auf die hochwertige Art von Martin Miller.<br \/>\nEin glaubw\u00fcrdiger Prozess, der auf echten Botanicals basiert und seine Wurzeln in unserer Dualit\u00e4ts-DNA hat.<\/p>\n<p>Dieser saisonale Winter-Gin bietet die warmen und komplexen Aromen von Zimt mit einem Hauch von Mandarinenschale \u00fcber den w\u00fcrzigen und s\u00fc\u00dfen Noten von Kardamom.<\/p>\n","protected":false},"excerpt":{"rendered":"<p>Eine Antwort auf die Nachfrage der Verbraucher nach mehr Gin, die nicht nur den Markttrends f\u00fcr Flavoured Gins folgt; das ist Innovation auf die hochwertige Art von Martin Miller. Ein&#8230;<\/p>\n","protected":false},"featured_media":5848,"template":"","meta":{"_acf_changed":false,"inline_featured_image":false},"product_cat":[237],"product_tag":[],"class_list":{"0":"post-5846","1":"product","2":"type-product","3":"status-publish","4":"has-post-thumbnail","6":"product_brand-martin-millers","7":"product_cat-gin-de","9":"first","10":"instock","11":"shipping-taxable","12":"product-type-simple"},"acf":[],"_links":{"self":[{"href":"https:\/\/amberbev.at\/de\/wp-json\/wp\/v2\/product\/5846"}],"collection":[{"href":"https:\/\/amberbev.at\/de\/wp-json\/wp\/v2\/product"}],"about":[{"href":"https:\/\/amberbev.at\/de\/wp-json\/wp\/v2\/types\/product"}],"wp:featuredmedia":[{"embeddable":true,"href":"https:\/\/amberbev.at\/de\/wp-json\/wp\/v2\/media\/5848"}],"wp:attachment":[{"href":"https:\/\/amberbev.at\/de\/wp-json\/wp\/v2\/media?parent=5846"}],"wp:term":[{"taxonomy":"product_cat","embeddable":true,"href":"https:\/\/amberbev.at\/de\/wp-json\/wp\/v2\/product_cat?post=5846"},{"taxonomy":"product_tag","embeddable":true,"href":"https:\/\/amberbev.at\/de\/wp-json\/wp\/v2\/product_tag?post=5846"}],"curies":[{"name":"wp","href":"https:\/\/api.w.org\/{rel}","templated":true}]}}