{"id":5906,"date":"2022-08-11T12:36:50","date_gmt":"2022-08-11T12:36:50","guid":{"rendered":"https:\/\/amberbev.at\/?post_type=product&#038;p=5906"},"modified":"2022-08-29T06:37:35","modified_gmt":"2022-08-29T06:37:35","slug":"villa-massa-limoncello","status":"publish","type":"product","link":"https:\/\/amberbev.at\/de\/produkt\/likoere-de\/villa-massa-limoncello\/","title":{"rendered":"Villa Massa Limoncello Limon de Sorrento"},"content":{"rendered":"<p>So wie die Zitronen von Villa Massa langsam und in ihrem eigenen Tempo reifen, ist der Genuss unseres Limoncello eine Einladung zur Entschleunigung und zum Genie\u00dfen mit den Menschen, die uns wirklich wichtig sind: Villa Massa empfiehlt, einen eisgek\u00fchlten Limoncello pur nach dem Essen oder in einem Weinglas als erfrischendes Getr\u00e4nk mit Tonic und ein paar Basilikumbl\u00e4ttern zu genie\u00dfen.<\/p>\n<p>Hergestellt aus 100% der Schalen einer speziellen Zitronensorte, die in Sorrent angebaut wird.<\/p>\n","protected":false},"excerpt":{"rendered":"<p>So wie die Zitronen von Villa Massa langsam und in ihrem eigenen Tempo reifen, ist der Genuss unseres Limoncello eine Einladung zur Entschleunigung und zum Genie\u00dfen mit den Menschen, die&#8230;<\/p>\n","protected":false},"featured_media":5907,"template":"","meta":{"_acf_changed":false,"inline_featured_image":false},"product_cat":[238],"product_tag":[],"class_list":{"0":"post-5906","1":"product","2":"type-product","3":"status-publish","4":"has-post-thumbnail","6":"product_brand-villa-massa","7":"product_cat-likoere-de","9":"first","10":"instock","11":"shipping-taxable","12":"product-type-simple"},"acf":[],"_links":{"self":[{"href":"https:\/\/amberbev.at\/de\/wp-json\/wp\/v2\/product\/5906"}],"collection":[{"href":"https:\/\/amberbev.at\/de\/wp-json\/wp\/v2\/product"}],"about":[{"href":"https:\/\/amberbev.at\/de\/wp-json\/wp\/v2\/types\/product"}],"wp:featuredmedia":[{"embeddable":true,"href":"https:\/\/amberbev.at\/de\/wp-json\/wp\/v2\/media\/5907"}],"wp:attachment":[{"href":"https:\/\/amberbev.at\/de\/wp-json\/wp\/v2\/media?parent=5906"}],"wp:term":[{"taxonomy":"product_cat","embeddable":true,"href":"https:\/\/amberbev.at\/de\/wp-json\/wp\/v2\/product_cat?post=5906"},{"taxonomy":"product_tag","embeddable":true,"href":"https:\/\/amberbev.at\/de\/wp-json\/wp\/v2\/product_tag?post=5906"}],"curies":[{"name":"wp","href":"https:\/\/api.w.org\/{rel}","templated":true}]}}