{"id":5913,"date":"2022-08-16T09:31:52","date_gmt":"2022-08-16T09:31:52","guid":{"rendered":"https:\/\/amberbev.at\/?post_type=product&#038;p=5913"},"modified":"2024-03-05T15:46:21","modified_gmt":"2024-03-05T15:46:21","slug":"antique-pelinkovac","status":"publish","type":"product","link":"https:\/\/amberbev.at\/de\/produkt\/bitters-de\/antique-pelinkovac\/","title":{"rendered":"Antique Pelinkovac"},"content":{"rendered":"<p>ANTIQUE PELINKOVAC ist der \u00e4lteste und bekannteste Premium-Kr\u00e4uterlik\u00f6r von Badel und zugleich eines der interessantesten kroatischen Getr\u00e4nke. Das Produkt geht auf das Jahr 1862 zur\u00fcck, das Gr\u00fcndungsjahr des Unternehmens Badel 1862.<\/p>\n<p>Das Rezept f\u00fcr die Herstellung von Badel Antique Pelinkovac ist das \u00e4lteste und geheimste in den Archiven von Badel 1862. Seit dem Jahr 1862 wird Antique Pelinkovac auf die gleiche, traditionelle Weise, nach dem Originalrezept und aus 100% nat\u00fcrlichen Zutaten hergestellt.<\/p>\n<p>Der Geschmack dieses erstklassigen Kr\u00e4uterlik\u00f6rs wird vom Wermut (Cro. Pelin) dominiert, der sich durch seinen Duft und seine bittere Note auszeichnet. Dies macht Pelinkovac zu einem perfekten Digestif, aber auch zu einer der besten Grundlagen f\u00fcr traditionelle Aperitif-Cocktails.<\/p>\n<p>F\u00fcr den perfekten Genuss empfiehlt es sich, Antique Pelinkovac gut gek\u00fchlt zu servieren und ihn mit ein oder zwei Eisw\u00fcrfeln und einer Zitronen- oder Orangenscheibe zu erg\u00e4nzen. Aufgrund seines luxuri\u00f6sen Geschmacks ist Antique zum Lieblingsgetr\u00e4nk echter Kenner und Liebhaber edler Lik\u00f6re und zum unverzichtbaren Bestandteil des Angebots von Spitzenrestaurants und -bars geworden und wird pur oder als Lieblingszutat leckerer Cocktails oder zum Kaffee getrunken. Mit gutem Grund und mit Stolz stellt Antique einen wertvollen Teil der kroatischen Tradition dar.<\/p>\n","protected":false},"excerpt":{"rendered":"<p>ANTIQUE PELINKOVAC ist der \u00e4lteste und bekannteste Premium-Kr\u00e4uterlik\u00f6r von Badel und zugleich eines der interessantesten kroatischen Getr\u00e4nke. Das Produkt geht auf das Jahr 1862 zur\u00fcck, das Gr\u00fcndungsjahr des Unternehmens Badel&#8230;<\/p>\n","protected":false},"featured_media":5914,"template":"","meta":{"_acf_changed":false,"inline_featured_image":false},"product_cat":[235,238],"product_tag":[],"class_list":{"0":"post-5913","1":"product","2":"type-product","3":"status-publish","4":"has-post-thumbnail","6":"product_brand-badel","7":"product_cat-bitters-de","8":"product_cat-likoere-de","10":"first","11":"instock","12":"shipping-taxable","13":"product-type-simple"},"acf":[],"_links":{"self":[{"href":"https:\/\/amberbev.at\/de\/wp-json\/wp\/v2\/product\/5913"}],"collection":[{"href":"https:\/\/amberbev.at\/de\/wp-json\/wp\/v2\/product"}],"about":[{"href":"https:\/\/amberbev.at\/de\/wp-json\/wp\/v2\/types\/product"}],"wp:featuredmedia":[{"embeddable":true,"href":"https:\/\/amberbev.at\/de\/wp-json\/wp\/v2\/media\/5914"}],"wp:attachment":[{"href":"https:\/\/amberbev.at\/de\/wp-json\/wp\/v2\/media?parent=5913"}],"wp:term":[{"taxonomy":"product_cat","embeddable":true,"href":"https:\/\/amberbev.at\/de\/wp-json\/wp\/v2\/product_cat?post=5913"},{"taxonomy":"product_tag","embeddable":true,"href":"https:\/\/amberbev.at\/de\/wp-json\/wp\/v2\/product_tag?post=5913"}],"curies":[{"name":"wp","href":"https:\/\/api.w.org\/{rel}","templated":true}]}}