{"id":5919,"date":"2022-08-16T09:43:54","date_gmt":"2022-08-16T09:43:54","guid":{"rendered":"https:\/\/amberbev.at\/?post_type=product&#038;p=5919"},"modified":"2024-03-05T15:45:14","modified_gmt":"2024-03-05T15:45:14","slug":"pelinkovac-kraeuterlikoer","status":"publish","type":"product","link":"https:\/\/amberbev.at\/de\/produkt\/bitters-de\/pelinkovac-kraeuterlikoer\/","title":{"rendered":"Pelinkovac Kr\u00e4uterlik\u00f6r"},"content":{"rendered":"<p>Badel Pelinkovac Gorki ist der bekannteste kroatische Kr\u00e4uterlik\u00f6r. Sein reicher nat\u00fcrlicher Geschmack \u00fcberzeugt und sprengt seit fast eineinhalb Jahrhunderten die Grenzen.<br \/>\nDas Geheimnis seiner Anziehungskraft liegt im urspr\u00fcnglichen Herstellungsverfahren. Ohne k\u00fcnstliche Aromen bleibt er sich selbst treu: ein traditionelles Geheimrezept und eine sorgf\u00e4ltig ausgew\u00e4hlte Kr\u00e4utermischung, verfeinert mit Wermut.<\/p>\n<p>Authentisch und best\u00e4ndig, ist Pelinkovac Gorki eine nat\u00fcrliche Wahl f\u00fcr alle, die die urspr\u00fcngliche treibende Kraft der Natur erleben wollen.<br \/>\nUnerwartet, \u00fcberraschend und wach, verbirgt die einzigartige s\u00fc\u00dfe Bitterkeit die wahre S\u00fc\u00dfe des Lebens. Schau dem Abenteuer ins Auge, lass dich von seinem suggestiven, verf\u00fchrerischen Aroma verf\u00fchren und lass dich von der mystischen dunklen Farbe und dem starken, erfrischenden Duft auf deiner Reise zum Ziel ermutigen!<\/p>\n","protected":false},"excerpt":{"rendered":"<p>Badel Pelinkovac Gorki ist der bekannteste kroatische Kr\u00e4uterlik\u00f6r. Sein reicher nat\u00fcrlicher Geschmack \u00fcberzeugt und sprengt seit fast eineinhalb Jahrhunderten die Grenzen. Das Geheimnis seiner Anziehungskraft liegt im urspr\u00fcnglichen Herstellungsverfahren. Ohne&#8230;<\/p>\n","protected":false},"featured_media":5922,"template":"","meta":{"_acf_changed":false,"inline_featured_image":false},"product_cat":[235,238],"product_tag":[],"class_list":{"0":"post-5919","1":"product","2":"type-product","3":"status-publish","4":"has-post-thumbnail","6":"product_brand-badel","7":"product_cat-bitters-de","8":"product_cat-likoere-de","10":"first","11":"instock","12":"shipping-taxable","13":"product-type-simple"},"acf":[],"_links":{"self":[{"href":"https:\/\/amberbev.at\/de\/wp-json\/wp\/v2\/product\/5919"}],"collection":[{"href":"https:\/\/amberbev.at\/de\/wp-json\/wp\/v2\/product"}],"about":[{"href":"https:\/\/amberbev.at\/de\/wp-json\/wp\/v2\/types\/product"}],"wp:featuredmedia":[{"embeddable":true,"href":"https:\/\/amberbev.at\/de\/wp-json\/wp\/v2\/media\/5922"}],"wp:attachment":[{"href":"https:\/\/amberbev.at\/de\/wp-json\/wp\/v2\/media?parent=5919"}],"wp:term":[{"taxonomy":"product_cat","embeddable":true,"href":"https:\/\/amberbev.at\/de\/wp-json\/wp\/v2\/product_cat?post=5919"},{"taxonomy":"product_tag","embeddable":true,"href":"https:\/\/amberbev.at\/de\/wp-json\/wp\/v2\/product_tag?post=5919"}],"curies":[{"name":"wp","href":"https:\/\/api.w.org\/{rel}","templated":true}]}}