{"id":5926,"date":"2022-08-16T10:00:11","date_gmt":"2022-08-16T10:00:11","guid":{"rendered":"https:\/\/amberbev.at\/?post_type=product&#038;p=5926"},"modified":"2022-09-16T06:06:31","modified_gmt":"2022-09-16T06:06:31","slug":"badel-hrvatska-stara-sljivovica","status":"publish","type":"product","link":"https:\/\/amberbev.at\/de\/produkt\/specialities-de\/badel-hrvatska-stara-sljivovica\/","title":{"rendered":"Badel Hrvatska Stara \u0160ljivovica"},"content":{"rendered":"<p>Pures Gold der kroatischen Tradition.<\/p>\n<p>Badel Hrvatska Stara \u0160ljivovica ist der ber\u00fchmteste Weinbrand von BADEL 1862. Er wird durch die Destillation der einheimischen Pflaumensorte Bistrica hergestellt, aber einige Geheimnisse bei der Verarbeitung der Fr\u00fcchte, der Konservierung und den Reifungsmethoden machen Badel Stara \u0160ljivovica zu einem einzigartigen Getr\u00e4nk, das sich f\u00fcr jede Gelegenheit eignet.<\/p>\n<p>Badel Stara \u0160ljivovica hat einen Kultstatus erreicht, der mit dem von Whisky in Schottland vergleichbar ist.<\/p>\n","protected":false},"excerpt":{"rendered":"<p>Pures Gold der kroatischen Tradition. Badel Hrvatska Stara \u0160ljivovica ist der ber\u00fchmteste Weinbrand von BADEL 1862. Er wird durch die Destillation der einheimischen Pflaumensorte Bistrica hergestellt, aber einige Geheimnisse bei&#8230;<\/p>\n","protected":false},"featured_media":5929,"template":"","meta":{"_acf_changed":false,"inline_featured_image":false},"product_cat":[241,629],"product_tag":[],"class_list":{"0":"post-5926","1":"product","2":"type-product","3":"status-publish","4":"has-post-thumbnail","6":"product_brand-badel","7":"product_cat-specialities-de","8":"product_cat-slivovica","10":"first","11":"instock","12":"shipping-taxable","13":"product-type-simple"},"acf":[],"_links":{"self":[{"href":"https:\/\/amberbev.at\/de\/wp-json\/wp\/v2\/product\/5926"}],"collection":[{"href":"https:\/\/amberbev.at\/de\/wp-json\/wp\/v2\/product"}],"about":[{"href":"https:\/\/amberbev.at\/de\/wp-json\/wp\/v2\/types\/product"}],"wp:featuredmedia":[{"embeddable":true,"href":"https:\/\/amberbev.at\/de\/wp-json\/wp\/v2\/media\/5929"}],"wp:attachment":[{"href":"https:\/\/amberbev.at\/de\/wp-json\/wp\/v2\/media?parent=5926"}],"wp:term":[{"taxonomy":"product_cat","embeddable":true,"href":"https:\/\/amberbev.at\/de\/wp-json\/wp\/v2\/product_cat?post=5926"},{"taxonomy":"product_tag","embeddable":true,"href":"https:\/\/amberbev.at\/de\/wp-json\/wp\/v2\/product_tag?post=5926"}],"curies":[{"name":"wp","href":"https:\/\/api.w.org\/{rel}","templated":true}]}}