{"id":5932,"date":"2022-08-16T10:05:30","date_gmt":"2022-08-16T10:05:30","guid":{"rendered":"https:\/\/amberbev.at\/?post_type=product&#038;p=5932"},"modified":"2022-09-16T06:06:38","modified_gmt":"2022-09-16T06:06:38","slug":"badel-svatovski-kruskovac","status":"publish","type":"product","link":"https:\/\/amberbev.at\/de\/produkt\/likoere-de\/badel-svatovski-kruskovac\/","title":{"rendered":"Badel Svatovski Kru\u0161kovac"},"content":{"rendered":"<p>Es lebe das Brautpaar!<\/p>\n<p>Svatovski Kru\u0161kovac ist ein traditioneller Lik\u00f6r, der auf Hochzeiten serviert wird. Er passt auch perfekt zu Badel Stara \u0160ljivovica &#8211; einem Cocktail, der besonders in Deutschland und \u00d6sterreich beliebt ist.<\/p>\n<p>Der intensive Duft und Geschmack von Svatovski Kru\u0161kovac und seine leuchtende Farbe sind charakteristisch f\u00fcr diese traditionelle Marke.<\/p>\n","protected":false},"excerpt":{"rendered":"<p>Es lebe das Brautpaar! Svatovski Kru\u0161kovac ist ein traditioneller Lik\u00f6r, der auf Hochzeiten serviert wird. Er passt auch perfekt zu Badel Stara \u0160ljivovica &#8211; einem Cocktail, der besonders in Deutschland&#8230;<\/p>\n","protected":false},"featured_media":5933,"template":"","meta":{"_acf_changed":false,"inline_featured_image":false},"product_cat":[238],"product_tag":[],"class_list":{"0":"post-5932","1":"product","2":"type-product","3":"status-publish","4":"has-post-thumbnail","6":"product_brand-badel","7":"product_cat-likoere-de","9":"first","10":"instock","11":"shipping-taxable","12":"product-type-simple"},"acf":[],"_links":{"self":[{"href":"https:\/\/amberbev.at\/de\/wp-json\/wp\/v2\/product\/5932"}],"collection":[{"href":"https:\/\/amberbev.at\/de\/wp-json\/wp\/v2\/product"}],"about":[{"href":"https:\/\/amberbev.at\/de\/wp-json\/wp\/v2\/types\/product"}],"wp:featuredmedia":[{"embeddable":true,"href":"https:\/\/amberbev.at\/de\/wp-json\/wp\/v2\/media\/5933"}],"wp:attachment":[{"href":"https:\/\/amberbev.at\/de\/wp-json\/wp\/v2\/media?parent=5932"}],"wp:term":[{"taxonomy":"product_cat","embeddable":true,"href":"https:\/\/amberbev.at\/de\/wp-json\/wp\/v2\/product_cat?post=5932"},{"taxonomy":"product_tag","embeddable":true,"href":"https:\/\/amberbev.at\/de\/wp-json\/wp\/v2\/product_tag?post=5932"}],"curies":[{"name":"wp","href":"https:\/\/api.w.org\/{rel}","templated":true}]}}