{"id":5936,"date":"2022-08-16T10:10:21","date_gmt":"2022-08-16T10:10:21","guid":{"rendered":"https:\/\/amberbev.at\/?post_type=product&#038;p=5936"},"modified":"2022-09-19T09:51:21","modified_gmt":"2022-09-19T09:51:21","slug":"badel-prima-brand","status":"publish","type":"product","link":"https:\/\/amberbev.at\/de\/produkt\/brandy-armagnac-and-cognac-de\/badel-prima-brand\/","title":{"rendered":"Badel Prima Brand"},"content":{"rendered":"<p>Hergestellt nach Originalrezept aus sorgf\u00e4ltig ausgew\u00e4hlten Zutaten. Er garantiert Genuss bei jeder Gelegenheit. Einzigartige und kompromisslose Qualit\u00e4t seit anderthalb Jahrhunderten!<\/p>\n<p>Eine Marke nur f\u00fcr Dich &#8211; Badel Prima Brand<\/p>\n","protected":false},"excerpt":{"rendered":"<p>Hergestellt nach Originalrezept aus sorgf\u00e4ltig ausgew\u00e4hlten Zutaten. Er garantiert Genuss bei jeder Gelegenheit. Einzigartige und kompromisslose Qualit\u00e4t seit anderthalb Jahrhunderten! Eine Marke nur f\u00fcr Dich &#8211; Badel Prima Brand<\/p>\n","protected":false},"featured_media":5937,"template":"","meta":{"_acf_changed":false,"inline_featured_image":false},"product_cat":[236],"product_tag":[],"class_list":{"0":"post-5936","1":"product","2":"type-product","3":"status-publish","4":"has-post-thumbnail","6":"product_brand-badel","7":"product_cat-brandy-armagnac-and-cognac-de","9":"first","10":"instock","11":"shipping-taxable","12":"product-type-simple"},"acf":[],"_links":{"self":[{"href":"https:\/\/amberbev.at\/de\/wp-json\/wp\/v2\/product\/5936"}],"collection":[{"href":"https:\/\/amberbev.at\/de\/wp-json\/wp\/v2\/product"}],"about":[{"href":"https:\/\/amberbev.at\/de\/wp-json\/wp\/v2\/types\/product"}],"wp:featuredmedia":[{"embeddable":true,"href":"https:\/\/amberbev.at\/de\/wp-json\/wp\/v2\/media\/5937"}],"wp:attachment":[{"href":"https:\/\/amberbev.at\/de\/wp-json\/wp\/v2\/media?parent=5936"}],"wp:term":[{"taxonomy":"product_cat","embeddable":true,"href":"https:\/\/amberbev.at\/de\/wp-json\/wp\/v2\/product_cat?post=5936"},{"taxonomy":"product_tag","embeddable":true,"href":"https:\/\/amberbev.at\/de\/wp-json\/wp\/v2\/product_tag?post=5936"}],"curies":[{"name":"wp","href":"https:\/\/api.w.org\/{rel}","templated":true}]}}