{"id":6132,"date":"2023-01-30T12:27:27","date_gmt":"2023-01-30T12:27:25","guid":{"rendered":"https:\/\/amberbev.at\/?post_type=product&#038;p=6132"},"modified":"2023-01-30T12:38:52","modified_gmt":"2023-01-30T12:38:52","slug":"three-sixty-vodka-black-42","status":"publish","type":"product","link":"https:\/\/amberbev.at\/de\/produkt\/vodka-de\/three-sixty-vodka-black-42\/","title":{"rendered":"Three Sixty Vodka &#8211; Black 42"},"content":{"rendered":"<p>Three Sixty Vodka ist ein echter Premium-Vodka aus Berlin: ehrlich, kompromisslos, m\u00e4nnlich \u2013 und Diamant-filtriert.<\/p>\n<p>BLACK 42 ist die edle Alternative zu Three Sixty Vodka Original. Vierfach destilliert und diamantgefiltert wie das Original &#8211; aber mit einem angepassten Alkoholgehalt von 42% vol. Perfekt zum Mixen. Das spektakul\u00e4re, schwarze Flaschendesign mit Facettenstruktur und das feine Samtetikett sorgen f\u00fcr das ultimative Nighttime-Feeling.<\/p>\n<p>Three Sixty Vodka, wird nicht ohne Grund als der \u201eDiamant unter den Vodkas\u201c bezeichnet. F\u00fcr seine Herstellung wird nur bester Weizen verwendet. Nach einem aufw\u00e4ndigen vierfachen Destillationsverfahren erfolgt die Reinigung des Vodkas durch die Diamond-Filtration. Denn nur so k\u00f6nnen sie sicher sein, dass Three Sixty Vodka den hohen qualitativen Anspr\u00fcchen entspricht. Und Ihren auch.<\/p>\n<p>Mit Hilfe der Diamond-Filtration passiert das Destillat mehrere Filterschichten, die mit Diamant-Kristallstaub versehen sind. Damit werden selbst kleinste Schwebepartikel aus dem Destillat entfernt, was eine Filtration bis auf 1 Mikron erlaubt \u2013 also ein Tausendstel eines Millimeters. Zum Vergleich: 15\u201330 Mikron sind absolut normal.<\/p>\n<p>Das Ergebnis: ein besonders reiner und unglaublich milder Vodka direkt aus Berlin in Deutschland.<\/p>\n","protected":false},"excerpt":{"rendered":"<p>Three Sixty Vodka ist ein echter Premium-Vodka aus Berlin: ehrlich, kompromisslos, m\u00e4nnlich \u2013 und Diamant-filtriert. BLACK 42 ist die edle Alternative zu Three Sixty Vodka Original. Vierfach destilliert und diamantgefiltert&#8230;<\/p>\n","protected":false},"featured_media":6155,"template":"","meta":{"_acf_changed":false,"inline_featured_image":false},"product_cat":[249],"product_tag":[],"class_list":{"0":"post-6132","1":"product","2":"type-product","3":"status-publish","4":"has-post-thumbnail","6":"product_brand-three-sixty-vodka","7":"product_cat-vodka-de","9":"first","10":"instock","11":"shipping-taxable","12":"product-type-variable"},"acf":[],"_links":{"self":[{"href":"https:\/\/amberbev.at\/de\/wp-json\/wp\/v2\/product\/6132"}],"collection":[{"href":"https:\/\/amberbev.at\/de\/wp-json\/wp\/v2\/product"}],"about":[{"href":"https:\/\/amberbev.at\/de\/wp-json\/wp\/v2\/types\/product"}],"wp:featuredmedia":[{"embeddable":true,"href":"https:\/\/amberbev.at\/de\/wp-json\/wp\/v2\/media\/6155"}],"wp:attachment":[{"href":"https:\/\/amberbev.at\/de\/wp-json\/wp\/v2\/media?parent=6132"}],"wp:term":[{"taxonomy":"product_cat","embeddable":true,"href":"https:\/\/amberbev.at\/de\/wp-json\/wp\/v2\/product_cat?post=6132"},{"taxonomy":"product_tag","embeddable":true,"href":"https:\/\/amberbev.at\/de\/wp-json\/wp\/v2\/product_tag?post=6132"}],"curies":[{"name":"wp","href":"https:\/\/api.w.org\/{rel}","templated":true}]}}