{"id":6571,"date":"2024-05-07T11:51:22","date_gmt":"2024-05-07T11:51:22","guid":{"rendered":"https:\/\/amberbev.at\/?post_type=product&#038;p=6571"},"modified":"2024-05-07T13:01:18","modified_gmt":"2024-05-07T13:01:18","slug":"zwack-unicum-riserva","status":"publish","type":"product","link":"https:\/\/amberbev.at\/de\/produkt\/bitters-de\/zwack-unicum-riserva\/","title":{"rendered":"Zwack Unicum Riserva"},"content":{"rendered":"<p>Unicum Riserva zeichnet sich durch seine doppelte Einzigartigkeit aus, die in einem zweistufigen Reifeprozess in zwei au\u00dfergew\u00f6hnlich unterschiedlichen F\u00e4ssern zum Ausdruck kommt.<\/p>\n<p>Zuerst reift das Unicum im gr\u00f6\u00dften und \u00e4ltesten Fass der Destillerie, das seit achtzig Jahren im Keller seinen Platz hat. \u00dcber die Jahrzehnte hinweg hat das Holz dieses Fasses eine Schicht aus \u201eschwarzem Honig\u201c entwickelt, die dem Lik\u00f6r zus\u00e4tzliche Tiefe und einen ausgepr\u00e4gten Charakter verleiht.<\/p>\n<p>In der zweiten Phase der Reifung wird das Unicum in ein Fass umgef\u00fcllt, das zuvor den legend\u00e4ren Tokaji Asz\u00fa Wein beherbergte. Dieses Fass, welches in den tiefen Kellern von Tokaji seine Heimat hat, tr\u00e4gt zur einzigartigen geschmacklichen Komposition bei.<\/p>\n<p>Wenn der bekannte bitters\u00fc\u00dfe Charakter von Unicum auf die s\u00fc\u00dflich-sinnliche Note des Tokaji trifft, transformiert sich der Unicum Riserva zu einem milderem, dennoch w\u00fcrzig-fruchtigem Lik\u00f6r. Noten von getrockneten Aprikosen vermischen sich mit einem subtilen Hauch von Kr\u00e4utern und Minze, \u00e4hnlich einer erfrischenden Brise.<\/p>\n<p>Abschlie\u00dfend wird der Riserva mit dem Jahrgang 2007 des Tokaji Asz\u00fa vom Weingut Dobogo verfeinert, was die au\u00dfergew\u00f6hnlich ungew\u00f6hnliche Geschmackskombination weiter hervorhebt.<\/p>\n<p>Auf diese Weise vereint Unicum Riserva die spannende Vielfalt exotischer Kr\u00e4uter mit der verf\u00fchrerischen Honigessenz des Tokaji zu einer perfekten Harmonie.<\/p>\n","protected":false},"excerpt":{"rendered":"<p>Unicum Riserva zeichnet sich durch seine doppelte Einzigartigkeit aus, die in einem zweistufigen Reifeprozess in zwei au\u00dfergew\u00f6hnlich unterschiedlichen F\u00e4ssern zum Ausdruck kommt. Zuerst reift das Unicum im gr\u00f6\u00dften und \u00e4ltesten&#8230;<\/p>\n","protected":false},"featured_media":6580,"template":"","meta":{"_acf_changed":false,"inline_featured_image":false},"product_cat":[235],"product_tag":[640,642,639,638,643,637],"class_list":{"0":"post-6571","1":"product","2":"type-product","3":"status-publish","4":"has-post-thumbnail","6":"product_brand-unicum","7":"product_cat-bitters-de","8":"product_tag-kraeuterlikoer","9":"product_tag-riserva","10":"product_tag-ungarn","11":"product_tag-unicum","12":"product_tag-unicumriserva","13":"product_tag-zwack","15":"first","16":"instock","17":"shipping-taxable","18":"product-type-simple"},"acf":[],"_links":{"self":[{"href":"https:\/\/amberbev.at\/de\/wp-json\/wp\/v2\/product\/6571"}],"collection":[{"href":"https:\/\/amberbev.at\/de\/wp-json\/wp\/v2\/product"}],"about":[{"href":"https:\/\/amberbev.at\/de\/wp-json\/wp\/v2\/types\/product"}],"wp:featuredmedia":[{"embeddable":true,"href":"https:\/\/amberbev.at\/de\/wp-json\/wp\/v2\/media\/6580"}],"wp:attachment":[{"href":"https:\/\/amberbev.at\/de\/wp-json\/wp\/v2\/media?parent=6571"}],"wp:term":[{"taxonomy":"product_cat","embeddable":true,"href":"https:\/\/amberbev.at\/de\/wp-json\/wp\/v2\/product_cat?post=6571"},{"taxonomy":"product_tag","embeddable":true,"href":"https:\/\/amberbev.at\/de\/wp-json\/wp\/v2\/product_tag?post=6571"}],"curies":[{"name":"wp","href":"https:\/\/api.w.org\/{rel}","templated":true}]}}