{"id":6572,"date":"2024-05-07T11:26:39","date_gmt":"2024-05-07T11:26:39","guid":{"rendered":"https:\/\/amberbev.at\/?post_type=product&#038;p=6572"},"modified":"2024-05-07T13:00:10","modified_gmt":"2024-05-07T13:00:10","slug":"zwack-unicum","status":"publish","type":"product","link":"https:\/\/amberbev.at\/de\/produkt\/bitters-de\/zwack-unicum\/","title":{"rendered":"Zwack Unicum"},"content":{"rendered":"<p>Die Nr. 1 aus Ungarn.<\/p>\n<p>Der aus \u00fcber vierzig Kr\u00e4utern und Gew\u00fcrzen destillierte Unicum ist einer der \u00e4ltesten Kr\u00e4uterbitter Europas. Die geheime Rezeptur wurde 1790 vom Wiener Hofarzt Dr. Zwack entwickelt und ist auch nach sechs Generationen im Besitz der Familie Zwack. Der Legende nach soll der Kaiser gesagt haben: &#8220;Dr. Zwack, das ist ein Unikum!&#8221;. So entstand der Name dieses einzigartigen Kr\u00e4uterbitters.<\/p>\n<p>Zwack Unicum wird in Budapest hergestellt, wo er 6 Monate in Eichenf\u00e4ssern reift und anschlie\u00dfend in seine charakteristische, bauchige Flasche abgef\u00fcllt wird. Der beliebte Kr\u00e4uterlik\u00f6r hat einen ausgepr\u00e4gten, bitters\u00fc\u00dfen Geschmack und wird gerne pur oder in Longdrinks genossen.<\/p>\n","protected":false},"excerpt":{"rendered":"<p>Die Nr. 1 aus Ungarn. Der aus \u00fcber vierzig Kr\u00e4utern und Gew\u00fcrzen destillierte Unicum ist einer der \u00e4ltesten Kr\u00e4uterbitter Europas. Die geheime Rezeptur wurde 1790 vom Wiener Hofarzt Dr. Zwack&#8230;<\/p>\n","protected":false},"featured_media":6575,"template":"","meta":{"_acf_changed":false,"inline_featured_image":false},"product_cat":[235],"product_tag":[641,640,639,638,637],"class_list":{"0":"post-6572","1":"product","2":"type-product","3":"status-publish","4":"has-post-thumbnail","6":"product_brand-unicum","7":"product_cat-bitters-de","8":"product_tag-bitters","9":"product_tag-kraeuterlikoer","10":"product_tag-ungarn","11":"product_tag-unicum","12":"product_tag-zwack","14":"first","15":"instock","16":"shipping-taxable","17":"product-type-simple"},"acf":[],"_links":{"self":[{"href":"https:\/\/amberbev.at\/de\/wp-json\/wp\/v2\/product\/6572"}],"collection":[{"href":"https:\/\/amberbev.at\/de\/wp-json\/wp\/v2\/product"}],"about":[{"href":"https:\/\/amberbev.at\/de\/wp-json\/wp\/v2\/types\/product"}],"wp:featuredmedia":[{"embeddable":true,"href":"https:\/\/amberbev.at\/de\/wp-json\/wp\/v2\/media\/6575"}],"wp:attachment":[{"href":"https:\/\/amberbev.at\/de\/wp-json\/wp\/v2\/media?parent=6572"}],"wp:term":[{"taxonomy":"product_cat","embeddable":true,"href":"https:\/\/amberbev.at\/de\/wp-json\/wp\/v2\/product_cat?post=6572"},{"taxonomy":"product_tag","embeddable":true,"href":"https:\/\/amberbev.at\/de\/wp-json\/wp\/v2\/product_tag?post=6572"}],"curies":[{"name":"wp","href":"https:\/\/api.w.org\/{rel}","templated":true}]}}