{"id":6649,"date":"2024-05-13T09:12:33","date_gmt":"2024-05-13T09:12:33","guid":{"rendered":"https:\/\/amberbev.at\/?post_type=product&#038;p=6649"},"modified":"2024-05-13T09:29:51","modified_gmt":"2024-05-13T09:29:51","slug":"torres-15","status":"publish","type":"product","link":"https:\/\/amberbev.at\/de\/produkt\/brandy-armagnac-and-cognac-de\/torres-15\/","title":{"rendered":"Torres 15"},"content":{"rendered":"<p>Torres 15 ist modern und raffiniert, \u00e4u\u00dferst raffiniert, was ihm eine unvergleichliche Pers\u00f6nlichkeit und eine gro\u00dfe Vielseitigkeit bei der Verwendung in Cocktails verleiht. Perfekt zum Mixen und Kreieren von klassischen Cocktails wie einem Old Fashioned bis hin zu erfrischenden und modernen Mischungen wie dem Torres 15 Ginger Ale.<\/p>\n<p>Mahagonifarben mit hellen Bernsteint\u00f6nen und topasfarbenen Reflexen. Vorherrschende Aromen von Karamell, Vanille, Datteln und ger\u00f6steten Haseln\u00fcssen. Weich auf der Zunge, mit einem eleganten Abgang mit Noten von Toffee und Holz.<\/p>\n<p>&nbsp;<\/p>\n","protected":false},"excerpt":{"rendered":"<p>Torres 15 ist modern und raffiniert, \u00e4u\u00dferst raffiniert, was ihm eine unvergleichliche Pers\u00f6nlichkeit und eine gro\u00dfe Vielseitigkeit bei der Verwendung in Cocktails verleiht. Perfekt zum Mixen und Kreieren von klassischen&#8230;<\/p>\n","protected":false},"featured_media":6650,"template":"","meta":{"_acf_changed":false,"inline_featured_image":false},"product_cat":[236],"product_tag":[],"class_list":{"0":"post-6649","1":"product","2":"type-product","3":"status-publish","4":"has-post-thumbnail","6":"product_brand-torres","7":"product_cat-brandy-armagnac-and-cognac-de","9":"first","10":"instock","11":"shipping-taxable","12":"product-type-simple"},"acf":[],"_links":{"self":[{"href":"https:\/\/amberbev.at\/de\/wp-json\/wp\/v2\/product\/6649"}],"collection":[{"href":"https:\/\/amberbev.at\/de\/wp-json\/wp\/v2\/product"}],"about":[{"href":"https:\/\/amberbev.at\/de\/wp-json\/wp\/v2\/types\/product"}],"wp:featuredmedia":[{"embeddable":true,"href":"https:\/\/amberbev.at\/de\/wp-json\/wp\/v2\/media\/6650"}],"wp:attachment":[{"href":"https:\/\/amberbev.at\/de\/wp-json\/wp\/v2\/media?parent=6649"}],"wp:term":[{"taxonomy":"product_cat","embeddable":true,"href":"https:\/\/amberbev.at\/de\/wp-json\/wp\/v2\/product_cat?post=6649"},{"taxonomy":"product_tag","embeddable":true,"href":"https:\/\/amberbev.at\/de\/wp-json\/wp\/v2\/product_tag?post=6649"}],"curies":[{"name":"wp","href":"https:\/\/api.w.org\/{rel}","templated":true}]}}