{"id":6655,"date":"2024-05-13T09:22:00","date_gmt":"2024-05-13T09:22:00","guid":{"rendered":"https:\/\/amberbev.at\/?post_type=product&#038;p=6655"},"modified":"2024-05-20T15:51:38","modified_gmt":"2024-05-20T15:51:38","slug":"torres-jaime-i","status":"publish","type":"product","link":"https:\/\/amberbev.at\/de\/produkt\/brandy-armagnac-and-cognac-de\/torres-jaime-i\/","title":{"rendered":"Torres Jaime I"},"content":{"rendered":"<p>Jaime I ist ein von der Kunst der Moderne inspiriertes Kunstwerk, das den Gr\u00fcnder von Bodegas Torres w\u00fcrdigt: Don Jaime Torres.<\/p>\n<p>Er wird ausschlie\u00dflich aus der Rebsorte Parellada hergestellt und zeichnet sich durch eine au\u00dfergew\u00f6hnlich lange Reifung nach dem traditionellen Solera-Verfahren aus, das dem Brandy einen Jahrgangscharakter verleiht. Jaime I wird durch sorgf\u00e4ltiges Mischen sehr alter Br\u00e4nde hergestellt, die \u00e4lter sind als die f\u00fcr die Reservebr\u00e4nde verwendeten.<\/p>\n<p>Feine dunkle Mahagonifarbe. Er ist komplex, majest\u00e4tisch und ausgewogen. Mit Noten, die stark an Vanille erinnern, Walnuss, Blumen, Pflaume, Zedernholz und Sandelholz.<\/p>\n<p>&nbsp;<\/p>\n<p>&nbsp;<\/p>\n","protected":false},"excerpt":{"rendered":"<p>Jaime I ist ein von der Kunst der Moderne inspiriertes Kunstwerk, das den Gr\u00fcnder von Bodegas Torres w\u00fcrdigt: Don Jaime Torres. Er wird ausschlie\u00dflich aus der Rebsorte Parellada hergestellt und&#8230;<\/p>\n","protected":false},"featured_media":6656,"template":"","meta":{"_acf_changed":false,"inline_featured_image":false},"product_cat":[236],"product_tag":[],"class_list":{"0":"post-6655","1":"product","2":"type-product","3":"status-publish","4":"has-post-thumbnail","6":"product_brand-torres","7":"product_cat-brandy-armagnac-and-cognac-de","9":"first","10":"instock","11":"shipping-taxable","12":"product-type-simple"},"acf":[],"_links":{"self":[{"href":"https:\/\/amberbev.at\/de\/wp-json\/wp\/v2\/product\/6655"}],"collection":[{"href":"https:\/\/amberbev.at\/de\/wp-json\/wp\/v2\/product"}],"about":[{"href":"https:\/\/amberbev.at\/de\/wp-json\/wp\/v2\/types\/product"}],"wp:featuredmedia":[{"embeddable":true,"href":"https:\/\/amberbev.at\/de\/wp-json\/wp\/v2\/media\/6656"}],"wp:attachment":[{"href":"https:\/\/amberbev.at\/de\/wp-json\/wp\/v2\/media?parent=6655"}],"wp:term":[{"taxonomy":"product_cat","embeddable":true,"href":"https:\/\/amberbev.at\/de\/wp-json\/wp\/v2\/product_cat?post=6655"},{"taxonomy":"product_tag","embeddable":true,"href":"https:\/\/amberbev.at\/de\/wp-json\/wp\/v2\/product_tag?post=6655"}],"curies":[{"name":"wp","href":"https:\/\/api.w.org\/{rel}","templated":true}]}}