{"id":6680,"date":"2024-05-21T06:45:00","date_gmt":"2024-05-21T06:45:00","guid":{"rendered":"https:\/\/amberbev.at\/?post_type=product&#038;p=6680"},"modified":"2025-04-30T13:14:19","modified_gmt":"2025-04-30T13:14:19","slug":"gschpusi-gspritzter-weiss-2","status":"publish","type":"product","link":"https:\/\/amberbev.at\/de\/produkt\/rtd\/gschpusi-gspritzter-weiss-2\/","title":{"rendered":"Gschpusi Gspritzter wei\u00df"},"content":{"rendered":"<div id=\"ultimate-heading-8368613bc105cb6b6\" class=\"uvc-heading ult-adjust-bottom-margin ultimate-heading-8368613bc105cb6b6 uvc-7318 \" data-hspacer=\"line_only\" data-halign=\"left\">\n<div class=\"uvc-main-heading ult-responsive\" data-ultimate-target=\".uvc-heading.ultimate-heading-8368613bc105cb6b6 h2\" data-responsive-json-new=\"{&quot;font-size&quot;:&quot;desktop:30px;&quot;,&quot;line-height&quot;:&quot;desktop:35px;&quot;}\">Genie\u00dfe den erfrischenden Gschpusi Gspritzter Wei\u00df in der praktischen 0,25l Dose!<\/div>\n<\/div>\n<p>Dieser spritzige Drink vereint die fruchtigen Noten des nieder\u00f6sterreichischen Gr\u00fcnen Veltliners mit einem Hauch von Zitrone. Mit nur 5,5% Alkoholgehalt ist er der perfekte leichte Genuss f\u00fcr jede Gelegenheit. Hergestellt und abgef\u00fcllt in \u00d6sterreich, steht der Gschpusi Gspritzter Wei\u00df f\u00fcr regionale Qualit\u00e4t aus \u00d6sterreich. Die handliche Dose ist ideal f\u00fcr unterwegs \u2013 ob beim Picknick, am Strand oder auf Events und Parties.<\/p>\n","protected":false},"excerpt":{"rendered":"<p>Genie\u00dfe den erfrischenden Gschpusi Gspritzter Wei\u00df in der praktischen 0,25l Dose! Dieser spritzige Drink vereint die fruchtigen Noten des nieder\u00f6sterreichischen Gr\u00fcnen Veltliners mit einem Hauch von Zitrone. Mit nur 5,5%&#8230;<\/p>\n","protected":false},"featured_media":6687,"template":"","meta":{"_acf_changed":false,"inline_featured_image":false},"product_cat":[327],"product_tag":[],"class_list":{"0":"post-6680","1":"product","2":"type-product","3":"status-publish","4":"has-post-thumbnail","6":"product_brand-gschpusi","7":"product_cat-rtd","9":"first","10":"instock","11":"shipping-taxable","12":"product-type-simple"},"acf":[],"_links":{"self":[{"href":"https:\/\/amberbev.at\/de\/wp-json\/wp\/v2\/product\/6680"}],"collection":[{"href":"https:\/\/amberbev.at\/de\/wp-json\/wp\/v2\/product"}],"about":[{"href":"https:\/\/amberbev.at\/de\/wp-json\/wp\/v2\/types\/product"}],"wp:featuredmedia":[{"embeddable":true,"href":"https:\/\/amberbev.at\/de\/wp-json\/wp\/v2\/media\/6687"}],"wp:attachment":[{"href":"https:\/\/amberbev.at\/de\/wp-json\/wp\/v2\/media?parent=6680"}],"wp:term":[{"taxonomy":"product_cat","embeddable":true,"href":"https:\/\/amberbev.at\/de\/wp-json\/wp\/v2\/product_cat?post=6680"},{"taxonomy":"product_tag","embeddable":true,"href":"https:\/\/amberbev.at\/de\/wp-json\/wp\/v2\/product_tag?post=6680"}],"curies":[{"name":"wp","href":"https:\/\/api.w.org\/{rel}","templated":true}]}}