{"id":6878,"date":"2025-03-06T07:26:22","date_gmt":"2025-03-06T07:26:22","guid":{"rendered":"https:\/\/amberbev.at\/?post_type=product&#038;p=6878"},"modified":"2025-03-06T09:05:39","modified_gmt":"2025-03-06T09:05:39","slug":"de-kuyper-coconut-sirup","status":"publish","type":"product","link":"https:\/\/amberbev.at\/de\/produkt\/non-alcoholic-mixes-de\/de-kuyper-coconut-sirup\/","title":{"rendered":"De Kuyper Coconut Sirup"},"content":{"rendered":"<p>De Kuyper Kokosnuss-Sirup ist sehr vielseitig und verleiht jedem (alkoholfreien) Cocktail einen k\u00f6stlichen tropischen Geschmack. Der nat\u00fcrliche Kokosnussextrakt, der verwendet wird, bereichert den intensiven tropischen Geruch und Geschmack dieses Sirups.<\/p>\n","protected":false},"excerpt":{"rendered":"<p>Verleihen Sie Ihren Drinks und Desserts einen Hauch von Exotik! Der <strong data-start=\"140\" data-end=\"167\" data-is-only-node=\"\">De Kuyper Coconut Sirup<\/strong> \u00fcberzeugt mit intensivem Kokosgeschmack und feiner S\u00fc\u00dfe \u2013 ideal f\u00fcr <strong data-start=\"236\" data-end=\"307\">Pi\u00f1a Coladas, tropische Cocktails, Kaffee, Milchshakes und Desserts<\/strong>. Perfekt f\u00fcr Bars, Restaurants und B2B-Kunden, die hochwertige Zutaten suchen. \ud83c\udf34\ud83e\udd65\u2728<\/p>\n","protected":false},"featured_media":6896,"template":"","meta":{"_acf_changed":false,"inline_featured_image":false},"product_cat":[239],"product_tag":[649,652,648,647,650,651],"class_list":{"0":"post-6878","1":"product","2":"type-product","3":"status-publish","4":"has-post-thumbnail","6":"product_brand-de-kuyper-royal","7":"product_cat-non-alcoholic-mixes-de","8":"product_tag-cocktail-sirup","9":"product_tag-de-kuyper","10":"product_tag-de-kuyper-sirup","11":"product_tag-kokosnuss-sirup","12":"product_tag-sirup-fuer-getraenke","13":"product_tag-tropischer-sirup","15":"first","16":"instock","17":"shipping-taxable","18":"product-type-simple"},"acf":[],"_links":{"self":[{"href":"https:\/\/amberbev.at\/de\/wp-json\/wp\/v2\/product\/6878"}],"collection":[{"href":"https:\/\/amberbev.at\/de\/wp-json\/wp\/v2\/product"}],"about":[{"href":"https:\/\/amberbev.at\/de\/wp-json\/wp\/v2\/types\/product"}],"wp:featuredmedia":[{"embeddable":true,"href":"https:\/\/amberbev.at\/de\/wp-json\/wp\/v2\/media\/6896"}],"wp:attachment":[{"href":"https:\/\/amberbev.at\/de\/wp-json\/wp\/v2\/media?parent=6878"}],"wp:term":[{"taxonomy":"product_cat","embeddable":true,"href":"https:\/\/amberbev.at\/de\/wp-json\/wp\/v2\/product_cat?post=6878"},{"taxonomy":"product_tag","embeddable":true,"href":"https:\/\/amberbev.at\/de\/wp-json\/wp\/v2\/product_tag?post=6878"}],"curies":[{"name":"wp","href":"https:\/\/api.w.org\/{rel}","templated":true}]}}