{"id":6915,"date":"2025-03-06T09:26:46","date_gmt":"2025-03-06T09:26:46","guid":{"rendered":"https:\/\/amberbev.at\/?post_type=product&#038;p=6915"},"modified":"2025-03-06T10:26:07","modified_gmt":"2025-03-06T10:26:07","slug":"de-kuyper-blackberry-sirup","status":"publish","type":"product","link":"https:\/\/amberbev.at\/de\/produkt\/non-alcoholic-mixes-de\/de-kuyper-blackberry-sirup\/","title":{"rendered":"De Kuyper Blue Caracao Sirup"},"content":{"rendered":"<p>Der <strong>De Kuyper Blue Cura\u00e7ao Sirup<\/strong> verleiht Ihren Getr\u00e4nken und Desserts eine exotische Note mit seinem charakteristischen Orangenaroma und seiner intensiven blauen Farbe. Dieser Sirup ist ideal f\u00fcr die Zubereitung von Cocktails, Mocktails und anderen kreativen Getr\u00e4nken. Mit seiner leuchtenden blauen Farbe sorgt er f\u00fcr auff\u00e4llige und ansprechende Pr\u00e4sentationen. Die Verwendung von nat\u00fcrlichen Aromen garantiert einen authentischen Geschmack, der Ihre Kreationen bereichert.<\/p>\n<p><strong>Produktdetails:<\/strong><\/p>\n<ul>\n<li><strong>Geschmack:<\/strong> S\u00fc\u00df mit einem Hauch von Orangenaroma.<\/li>\n<li><strong>Farbe:<\/strong> Intensives Blau.<\/li>\n<li><strong>Anwendung:<\/strong> Ideal f\u00fcr Cocktails, Mocktails, Limonaden und Desserts.<\/li>\n<li><strong>Verpackung:<\/strong> 0,7-Liter-Flasche.<\/li>\n<\/ul>\n<p><strong>Empfohlene Cocktails:<\/strong><\/p>\n<ul>\n<li><strong>Blue Lagoon:<\/strong> Eine Mischung aus Blue Cura\u00e7ao Sirup, Wodka und Zitronensaft, aufgef\u00fcllt mit Limonade, ergibt einen erfrischenden Drink mit tropischem Flair.\ue206<\/li>\n<li><strong>Blue Margarita:<\/strong> Kombinieren Sie Tequila, Limettensaft und Blue Cura\u00e7ao Sirup f\u00fcr eine farbenfrohe Variante des klassischen Margaritas.\ue206<\/li>\n<\/ul>\n<p>Der De Kuyper Blue Cura\u00e7ao Sirup ist die perfekte Wahl f\u00fcr alle, die ihren Getr\u00e4nken eine besondere Note verleihen m\u00f6chten. Ob in der Gastronomie oder zu Hause \u2013 dieser Sirup sorgt stets f\u00fcr beeindruckende Ergebnisse.<\/p>\n","protected":false},"excerpt":{"rendered":"<p>Der De Kuyper Blue Cura\u00e7ao Sirup verleiht Ihren Getr\u00e4nken und Desserts eine exotische Note mit seinem charakteristischen Orangenaroma und seiner intensiven blauen Farbe. Dieser Sirup ist ideal f\u00fcr die Zubereitung&#8230;<\/p>\n","protected":false},"featured_media":6917,"template":"","meta":{"_acf_changed":false,"inline_featured_image":false},"product_cat":[239],"product_tag":[649,652,648,650],"class_list":{"0":"post-6915","1":"product","2":"type-product","3":"status-publish","4":"has-post-thumbnail","6":"product_brand-de-kuyper-royal","7":"product_cat-non-alcoholic-mixes-de","8":"product_tag-cocktail-sirup","9":"product_tag-de-kuyper","10":"product_tag-de-kuyper-sirup","11":"product_tag-sirup-fuer-getraenke","13":"first","14":"instock","15":"shipping-taxable","16":"product-type-simple"},"acf":[],"_links":{"self":[{"href":"https:\/\/amberbev.at\/de\/wp-json\/wp\/v2\/product\/6915"}],"collection":[{"href":"https:\/\/amberbev.at\/de\/wp-json\/wp\/v2\/product"}],"about":[{"href":"https:\/\/amberbev.at\/de\/wp-json\/wp\/v2\/types\/product"}],"wp:featuredmedia":[{"embeddable":true,"href":"https:\/\/amberbev.at\/de\/wp-json\/wp\/v2\/media\/6917"}],"wp:attachment":[{"href":"https:\/\/amberbev.at\/de\/wp-json\/wp\/v2\/media?parent=6915"}],"wp:term":[{"taxonomy":"product_cat","embeddable":true,"href":"https:\/\/amberbev.at\/de\/wp-json\/wp\/v2\/product_cat?post=6915"},{"taxonomy":"product_tag","embeddable":true,"href":"https:\/\/amberbev.at\/de\/wp-json\/wp\/v2\/product_tag?post=6915"}],"curies":[{"name":"wp","href":"https:\/\/api.w.org\/{rel}","templated":true}]}}