{"id":6945,"date":"2025-03-06T10:31:39","date_gmt":"2025-03-06T10:31:39","guid":{"rendered":"https:\/\/amberbev.at\/?post_type=product&#038;p=6945"},"modified":"2025-03-06T10:33:45","modified_gmt":"2025-03-06T10:33:45","slug":"de-kuyper-cinnamon-sirup","status":"publish","type":"product","link":"https:\/\/amberbev.at\/de\/produkt\/non-alcoholic-mixes-de\/de-kuyper-cinnamon-sirup\/","title":{"rendered":"De Kuyper Cinnamon Sirup"},"content":{"rendered":"<p>Der <strong>De Kuyper Cinnamon Sirup<\/strong> besticht durch seinen s\u00fc\u00dfen, bonbonartigen Zimtgeschmack, der aus einem der k\u00f6stlichen Zimtextrakte von De Kuyper gewonnen wird. Mit \u00fcber 325 Jahren Destillationserfahrung verleiht dieser Sirup Ihren (alkoholfreien) Cocktails eine besondere Note.<\/p>\n<p><strong>Vielseitigkeit in der Anwendung<\/strong><\/p>\n<p>Ob in Cocktails, Mocktails, Kaffeespezialit\u00e4ten oder Desserts \u2013 der De Kuyper Cinnamon Sirup bereichert Ihre Kreationen mit einer warmen, w\u00fcrzigen Note. Seine nat\u00fcrliche S\u00fc\u00dfe und das authentische Zimtaroma machen ihn zu einer idealen Zutat f\u00fcr eine Vielzahl von Rezepten.<\/p>\n<p><strong>Empfohlene Getr\u00e4nke<\/strong><\/p>\n<ul>\n<li><strong>Cinnamon Old Fashioned<\/strong>: Eine klassische Mischung aus Bourbon, einem Spritzer Bitter und De Kuyper Cinnamon Sirup f\u00fcr eine s\u00fc\u00dfe und w\u00fcrzige Variante.<\/li>\n<li><strong>Spiced Latte<\/strong>: Kombinieren Sie Espresso, aufgesch\u00e4umte Milch und einen Schuss De Kuyper Cinnamon Sirup f\u00fcr eine herbstliche Kaffeespezialit\u00e4t.<\/li>\n<\/ul>\n<p><strong>Qualit\u00e4t und Tradition seit 1695<\/strong><\/p>\n<p>Seit 1695 steht De Kuyper f\u00fcr hochwertige Lik\u00f6re und Sirupe. Der Cinnamon Sirup ist ein weiteres Beispiel f\u00fcr das Engagement der Marke, nat\u00fcrliche Zutaten und traditionelle Herstellungsverfahren zu nutzen, um Produkte von h\u00f6chster Qualit\u00e4t zu liefern.<\/p>\n<p><strong>Produktdetails<\/strong><\/p>\n<ul>\n<li><strong>Inhalt<\/strong>: 70 cl<\/li>\n<li><strong>Geschmack<\/strong>: S\u00fc\u00df, bonbonartiger Zimtgeschmack<\/li>\n<li><strong>Anwendung<\/strong>: Ideal f\u00fcr (alkoholfreie) Cocktails<\/li>\n<\/ul>\n<p>Entdecken Sie die vielf\u00e4ltigen Einsatzm\u00f6glichkeiten des De Kuyper Cinnamon Sirups und bereichern Sie Ihre Getr\u00e4nke und Desserts mit einer warmen Zimtnote.\ue206<\/p>\n","protected":false},"excerpt":{"rendered":"<p>Der De Kuyper Cinnamon Sirup besticht durch seinen s\u00fc\u00dfen, bonbonartigen Zimtgeschmack, der aus einem der k\u00f6stlichen Zimtextrakte von De Kuyper gewonnen wird. Mit \u00fcber 325 Jahren Destillationserfahrung verleiht dieser Sirup&#8230;<\/p>\n","protected":false},"featured_media":6947,"template":"","meta":{"_acf_changed":false,"inline_featured_image":false},"product_cat":[239],"product_tag":[649,652,648,650],"class_list":{"0":"post-6945","1":"product","2":"type-product","3":"status-publish","4":"has-post-thumbnail","6":"product_brand-de-kuyper-royal","7":"product_cat-non-alcoholic-mixes-de","8":"product_tag-cocktail-sirup","9":"product_tag-de-kuyper","10":"product_tag-de-kuyper-sirup","11":"product_tag-sirup-fuer-getraenke","13":"first","14":"instock","15":"shipping-taxable","16":"product-type-simple"},"acf":[],"_links":{"self":[{"href":"https:\/\/amberbev.at\/de\/wp-json\/wp\/v2\/product\/6945"}],"collection":[{"href":"https:\/\/amberbev.at\/de\/wp-json\/wp\/v2\/product"}],"about":[{"href":"https:\/\/amberbev.at\/de\/wp-json\/wp\/v2\/types\/product"}],"wp:featuredmedia":[{"embeddable":true,"href":"https:\/\/amberbev.at\/de\/wp-json\/wp\/v2\/media\/6947"}],"wp:attachment":[{"href":"https:\/\/amberbev.at\/de\/wp-json\/wp\/v2\/media?parent=6945"}],"wp:term":[{"taxonomy":"product_cat","embeddable":true,"href":"https:\/\/amberbev.at\/de\/wp-json\/wp\/v2\/product_cat?post=6945"},{"taxonomy":"product_tag","embeddable":true,"href":"https:\/\/amberbev.at\/de\/wp-json\/wp\/v2\/product_tag?post=6945"}],"curies":[{"name":"wp","href":"https:\/\/api.w.org\/{rel}","templated":true}]}}