{"id":6949,"date":"2025-03-06T10:34:19","date_gmt":"2025-03-06T10:34:19","guid":{"rendered":"https:\/\/amberbev.at\/?post_type=product&#038;p=6949"},"modified":"2025-03-06T10:40:07","modified_gmt":"2025-03-06T10:40:07","slug":"de-kuyper-elderflower-sirup","status":"publish","type":"product","link":"https:\/\/amberbev.at\/de\/produkt\/non-alcoholic-mixes-de\/de-kuyper-elderflower-sirup\/","title":{"rendered":"De Kuyper Elderflower Sirup"},"content":{"rendered":"<p>Der <strong>De Kuyper Elderflower Sirup<\/strong> kombiniert frische und florale Noten, die in den letzten Jahren zu einem unverzichtbaren Bestandteil f\u00fcr Barkeeper geworden sind. Sie glauben, dass er zu jedem Getr\u00e4nk passt und dessen Geschmack verbessert.<\/p>\n<p><strong>Vielseitigkeit in der Anwendung<\/strong><\/p>\n<p>Ob in Cocktails, Mocktails, Limonaden oder Desserts \u2013 der De Kuyper Elderflower Sirup verleiht eine elegante florale Note, die Ihre Kreationen aufwertet. Sein authentisches Holunderbl\u00fctenaroma macht ihn zu einer idealen Zutat f\u00fcr eine Vielzahl von Rezepten.<\/p>\n<p><strong>Empfohlene Getr\u00e4nke<\/strong><\/p>\n<ul>\n<li><strong>Elderflower Collins<\/strong>: Eine erfrischende Mischung aus Gin, Zitronensaft, Sodawasser und einem Schuss De Kuyper Elderflower Sirup f\u00fcr einen blumigen Twist des Klassikers.<\/li>\n<li><strong>Elderflower Spritz<\/strong>: Kombinieren Sie Prosecco, Sodawasser und De Kuyper Elderflower Sirup f\u00fcr einen leichten, spritzigen Aperitif mit floralen Noten.<\/li>\n<\/ul>\n<p><strong>Qualit\u00e4t und Tradition seit 1695<\/strong><\/p>\n<p>Seit 1695 steht De Kuyper f\u00fcr hochwertige Lik\u00f6re und Sirupe. Der Elderflower Sirup ist ein weiteres Beispiel f\u00fcr das Engagement der Marke, nat\u00fcrliche Zutaten und traditionelle Herstellungsverfahren zu nutzen, um Produkte von h\u00f6chster Qualit\u00e4t zu liefern.<\/p>\n<p><strong>Produktdetails<\/strong><\/p>\n<ul>\n<li><strong>Inhalt<\/strong>: 0,7 Liter<\/li>\n<li><strong>Geschmack<\/strong>: Frisch und floral mit Ankl\u00e4ngen von Rose<\/li>\n<li><strong>Farbe<\/strong>: Hell, blassgelb<\/li>\n<\/ul>\n<p>Entdecken Sie die vielf\u00e4ltigen Einsatzm\u00f6glichkeiten des De Kuyper Elderflower Sirups und bereichern Sie Ihre Getr\u00e4nke mit einer eleganten Holunderbl\u00fctennote.<\/p>\n","protected":false},"excerpt":{"rendered":"<p>Der De Kuyper Elderflower Sirup kombiniert frische und florale Noten, die in den letzten Jahren zu einem unverzichtbaren Bestandteil f\u00fcr Barkeeper geworden sind. Sie glauben, dass er zu jedem Getr\u00e4nk&#8230;<\/p>\n","protected":false},"featured_media":6951,"template":"","meta":{"_acf_changed":false,"inline_featured_image":false},"product_cat":[239],"product_tag":[649,652,648,650],"class_list":{"0":"post-6949","1":"product","2":"type-product","3":"status-publish","4":"has-post-thumbnail","6":"product_brand-de-kuyper-royal","7":"product_cat-non-alcoholic-mixes-de","8":"product_tag-cocktail-sirup","9":"product_tag-de-kuyper","10":"product_tag-de-kuyper-sirup","11":"product_tag-sirup-fuer-getraenke","13":"first","14":"instock","15":"shipping-taxable","16":"product-type-simple"},"acf":[],"_links":{"self":[{"href":"https:\/\/amberbev.at\/de\/wp-json\/wp\/v2\/product\/6949"}],"collection":[{"href":"https:\/\/amberbev.at\/de\/wp-json\/wp\/v2\/product"}],"about":[{"href":"https:\/\/amberbev.at\/de\/wp-json\/wp\/v2\/types\/product"}],"wp:featuredmedia":[{"embeddable":true,"href":"https:\/\/amberbev.at\/de\/wp-json\/wp\/v2\/media\/6951"}],"wp:attachment":[{"href":"https:\/\/amberbev.at\/de\/wp-json\/wp\/v2\/media?parent=6949"}],"wp:term":[{"taxonomy":"product_cat","embeddable":true,"href":"https:\/\/amberbev.at\/de\/wp-json\/wp\/v2\/product_cat?post=6949"},{"taxonomy":"product_tag","embeddable":true,"href":"https:\/\/amberbev.at\/de\/wp-json\/wp\/v2\/product_tag?post=6949"}],"curies":[{"name":"wp","href":"https:\/\/api.w.org\/{rel}","templated":true}]}}