{"id":6953,"date":"2025-03-06T10:40:24","date_gmt":"2025-03-06T10:40:24","guid":{"rendered":"https:\/\/amberbev.at\/?post_type=product&#038;p=6953"},"modified":"2025-03-06T10:42:35","modified_gmt":"2025-03-06T10:42:35","slug":"de-kuyper-gingerbread-sirup","status":"publish","type":"product","link":"https:\/\/amberbev.at\/de\/produkt\/non-alcoholic-mixes-de\/de-kuyper-gingerbread-sirup\/","title":{"rendered":"De Kuyper Gingerbread Sirup"},"content":{"rendered":"<p>Der <strong>De Kuyper Gingerbread Sirup<\/strong> ist mit Extrakten aus Zimt und Nelken hergestellt und profitiert von \u00fcber 325 Jahren Destillationserfahrung. Dieser Sirup verleiht Ihren Cocktails und alkoholfreien Getr\u00e4nken besonders in der Winterzeit ein Gef\u00fchl von Gem\u00fctlichkeit und W\u00e4rme.<\/p>\n<p><strong>Vielseitigkeit in der Anwendung<\/strong><\/p>\n<p>Ob in Cocktails, Kaffeespezialit\u00e4ten oder Desserts \u2013 der De Kuyper Gingerbread Sirup bereichert Ihre Kreationen mit einer warmen, w\u00fcrzigen Note. Sein authentisches Lebkuchenaroma macht ihn zu einer idealen Zutat f\u00fcr eine Vielzahl von Rezepten.<\/p>\n<p><strong>Empfohlene Getr\u00e4nke<\/strong><\/p>\n<ul>\n<li><strong>Gingerbread Man<\/strong>: Eine k\u00f6stliche Mischung aus De Kuyper Buttershots\u00ae Butterscotch Schnaps, De Kuyper Hot Damn!\u00ae Zimt Schnaps, Irish Cream und hei\u00dfem Kaffee, serviert in einem erw\u00e4rmten Becher und garniert mit Schlagsahne.<\/li>\n<li><strong>Gingerbread Latte<\/strong>: Kombinieren Sie Espresso, aufgesch\u00e4umte Milch und einen Schuss De Kuyper Gingerbread Sirup f\u00fcr eine festliche Kaffeespezialit\u00e4t.<\/li>\n<\/ul>\n<p><strong>Qualit\u00e4t und Tradition seit 1695<\/strong><\/p>\n<p>Seit 1695 steht De Kuyper f\u00fcr hochwertige Lik\u00f6re und Sirupe. Der Gingerbread Sirup ist ein weiteres Beispiel f\u00fcr das Engagement der Marke, nat\u00fcrliche Zutaten und traditionelle Herstellungsverfahren zu nutzen, um Produkte von h\u00f6chster Qualit\u00e4t zu liefern.<\/p>\n<p><strong>Produktdetails<\/strong><\/p>\n<ul>\n<li><strong>Inhalt<\/strong>: 700 ml<\/li>\n<li><strong>Geschmack<\/strong>: W\u00fcrzig mit dominanten Noten von Zimt und Nelken<\/li>\n<li><strong>Anwendung<\/strong>: Ideal f\u00fcr Cocktails, Kaffeespezialit\u00e4ten und Dessert<\/li>\n<\/ul>\n<p>Entdecken Sie die vielf\u00e4ltigen Einsatzm\u00f6glichkeiten des De Kuyper Gingerbread Sirups und bereichern Sie Ihre Getr\u00e4nke mit einer warmen Lebkuchennote.<\/p>\n","protected":false},"excerpt":{"rendered":"<p>Der De Kuyper Gingerbread Sirup ist mit Extrakten aus Zimt und Nelken hergestellt und profitiert von \u00fcber 325 Jahren Destillationserfahrung. Dieser Sirup verleiht Ihren Cocktails und alkoholfreien Getr\u00e4nken besonders in&#8230;<\/p>\n","protected":false},"featured_media":6955,"template":"","meta":{"_acf_changed":false,"inline_featured_image":false},"product_cat":[239],"product_tag":[649,652,648,650],"class_list":{"0":"post-6953","1":"product","2":"type-product","3":"status-publish","4":"has-post-thumbnail","6":"product_brand-de-kuyper-royal","7":"product_cat-non-alcoholic-mixes-de","8":"product_tag-cocktail-sirup","9":"product_tag-de-kuyper","10":"product_tag-de-kuyper-sirup","11":"product_tag-sirup-fuer-getraenke","13":"first","14":"instock","15":"shipping-taxable","16":"product-type-simple"},"acf":[],"_links":{"self":[{"href":"https:\/\/amberbev.at\/de\/wp-json\/wp\/v2\/product\/6953"}],"collection":[{"href":"https:\/\/amberbev.at\/de\/wp-json\/wp\/v2\/product"}],"about":[{"href":"https:\/\/amberbev.at\/de\/wp-json\/wp\/v2\/types\/product"}],"wp:featuredmedia":[{"embeddable":true,"href":"https:\/\/amberbev.at\/de\/wp-json\/wp\/v2\/media\/6955"}],"wp:attachment":[{"href":"https:\/\/amberbev.at\/de\/wp-json\/wp\/v2\/media?parent=6953"}],"wp:term":[{"taxonomy":"product_cat","embeddable":true,"href":"https:\/\/amberbev.at\/de\/wp-json\/wp\/v2\/product_cat?post=6953"},{"taxonomy":"product_tag","embeddable":true,"href":"https:\/\/amberbev.at\/de\/wp-json\/wp\/v2\/product_tag?post=6953"}],"curies":[{"name":"wp","href":"https:\/\/api.w.org\/{rel}","templated":true}]}}