{"id":6957,"date":"2025-03-06T10:43:01","date_gmt":"2025-03-06T10:43:01","guid":{"rendered":"https:\/\/amberbev.at\/?post_type=product&#038;p=6957"},"modified":"2025-03-06T10:44:32","modified_gmt":"2025-03-06T10:44:32","slug":"de-kuyper-green-apple-sirup","status":"publish","type":"product","link":"https:\/\/amberbev.at\/de\/produkt\/non-alcoholic-mixes-de\/de-kuyper-green-apple-sirup\/","title":{"rendered":"De Kuyper Green Apple Sirup"},"content":{"rendered":"<p>Derzeit bietet De Kuyper keinen <strong>Green Apple Sirup<\/strong> an. Allerdings gibt es den <strong>De Kuyper Pucker\u00ae Sour Apple Schnapps Liqueur<\/strong>, einen Lik\u00f6r mit intensivem gr\u00fcnen Apfelgeschmack.<\/p>\n<p><strong>De Kuyper Pucker\u00ae Sour Apple Schnapps Liqueur \u2013 Fruchtig-saurer Apfelgenuss f\u00fcr Ihre Cocktails<\/strong><\/p>\n<p>Der <strong>De Kuyper Pucker\u00ae Sour Apple Schnapps Liqueur<\/strong> bringt den knackigen Geschmack gr\u00fcner \u00c4pfel in Ihre Getr\u00e4nke. Dieser Lik\u00f6r zeichnet sich durch eine angenehme S\u00fc\u00dfe aus, gefolgt von einer erfrischenden S\u00e4ure, die Ihren Cocktails eine besondere Note verleiht.<\/p>\n<p><strong>Vielseitigkeit in der Anwendung<\/strong><\/p>\n<p>Ob in klassischen oder modernen Cocktails \u2013 der De Kuyper Pucker\u00ae Sour Apple Schnapps Liqueur ist vielseitig einsetzbar. Sein intensives Apfelaroma macht ihn zu einer idealen Zutat f\u00fcr eine Vielzahl von Rezepten.<\/p>\n<p><strong>Empfohlene Cocktails<\/strong><\/p>\n<ul>\n<li><strong>Sour Appletini<\/strong>: Eine erfrischende Mischung aus Wodka und De Kuyper Pucker\u00ae Sour Apple Schnapps Liqueur, die durch ihre ausgewogene Balance von S\u00fc\u00dfe und S\u00e4ure besticht.<\/li>\n<li><strong>Apple Martini<\/strong>: Kombinieren Sie Gin oder Wodka mit De Kuyper Pucker\u00ae Sour Apple Schnapps Liqueur f\u00fcr einen fruchtigen Twist des klassischen Martinis.<\/li>\n<\/ul>\n<p><strong>Qualit\u00e4t und Tradition seit 1695<\/strong><\/p>\n<p>Seit seiner Gr\u00fcndung im Jahr 1695 steht De Kuyper f\u00fcr hochwertige Lik\u00f6re und Spirituosen. Der Pucker\u00ae Sour Apple Schnapps Liqueur ist ein weiteres Beispiel f\u00fcr das Engagement der Marke, nat\u00fcrliche Zutaten und traditionelle Herstellungsverfahren zu nutzen, um Produkte von h\u00f6chster Qualit\u00e4t zu liefern.<\/p>\n<p><strong>Produktdetails<\/strong><\/p>\n<ul>\n<li><strong>Alkoholgehalt<\/strong>: 15% Vol.<\/li>\n<li><strong>Flaschengr\u00f6\u00dfe<\/strong>: 0,7 Liter<\/li>\n<li><strong>Geschmack<\/strong>: Intensives gr\u00fcnes Apfelaroma mit ausgewogener S\u00fc\u00dfe und S\u00e4ure<\/li>\n<\/ul>\n<p>Entdecken Sie die vielf\u00e4ltigen Einsatzm\u00f6glichkeiten des De Kuyper Pucker\u00ae Sour Apple Schnapps Liqueur und bereichern Sie Ihre Getr\u00e4nke mit einer fruchtigen Apfelnote.<\/p>\n","protected":false},"excerpt":{"rendered":"<p>Derzeit bietet De Kuyper keinen Green Apple Sirup an. Allerdings gibt es den De Kuyper Pucker\u00ae Sour Apple Schnapps Liqueur, einen Lik\u00f6r mit intensivem gr\u00fcnen Apfelgeschmack. De Kuyper Pucker\u00ae Sour&#8230;<\/p>\n","protected":false},"featured_media":6959,"template":"","meta":{"_acf_changed":false,"inline_featured_image":false},"product_cat":[239],"product_tag":[649,652,648,650],"class_list":{"0":"post-6957","1":"product","2":"type-product","3":"status-publish","4":"has-post-thumbnail","6":"product_brand-de-kuyper-royal","7":"product_cat-non-alcoholic-mixes-de","8":"product_tag-cocktail-sirup","9":"product_tag-de-kuyper","10":"product_tag-de-kuyper-sirup","11":"product_tag-sirup-fuer-getraenke","13":"first","14":"instock","15":"shipping-taxable","16":"product-type-simple"},"acf":[],"_links":{"self":[{"href":"https:\/\/amberbev.at\/de\/wp-json\/wp\/v2\/product\/6957"}],"collection":[{"href":"https:\/\/amberbev.at\/de\/wp-json\/wp\/v2\/product"}],"about":[{"href":"https:\/\/amberbev.at\/de\/wp-json\/wp\/v2\/types\/product"}],"wp:featuredmedia":[{"embeddable":true,"href":"https:\/\/amberbev.at\/de\/wp-json\/wp\/v2\/media\/6959"}],"wp:attachment":[{"href":"https:\/\/amberbev.at\/de\/wp-json\/wp\/v2\/media?parent=6957"}],"wp:term":[{"taxonomy":"product_cat","embeddable":true,"href":"https:\/\/amberbev.at\/de\/wp-json\/wp\/v2\/product_cat?post=6957"},{"taxonomy":"product_tag","embeddable":true,"href":"https:\/\/amberbev.at\/de\/wp-json\/wp\/v2\/product_tag?post=6957"}],"curies":[{"name":"wp","href":"https:\/\/api.w.org\/{rel}","templated":true}]}}