{"id":6967,"date":"2025-03-06T10:54:09","date_gmt":"2025-03-06T10:54:09","guid":{"rendered":"https:\/\/amberbev.at\/?post_type=product&#038;p=6967"},"modified":"2025-03-06T10:58:41","modified_gmt":"2025-03-06T10:58:41","slug":"de-kuyper-hazelnut-syrup","status":"publish","type":"product","link":"https:\/\/amberbev.at\/de\/produkt\/non-alcoholic-mixes-de\/de-kuyper-hazelnut-syrup\/","title":{"rendered":"De Kuyper Hazelnut Syrup"},"content":{"rendered":"<p>Der <strong>De Kuyper Hazelnut Sirup<\/strong> \u00fcberzeugt mit dem authentischen und k\u00f6stlichen Geschmack sowie dem Aroma, das typisch f\u00fcr Haselnussaufstriche ist. Durch die Verwendung von nat\u00fcrlichem Haselnussaroma ist dieser Sirup die perfekte Zutat, um Ihren Getr\u00e4nken und Desserts eine leckere nussige Note zu verleihen.<\/p>\n<p><strong>Vielseitigkeit in der Anwendung<\/strong><\/p>\n<p>Ob in Kaffeespezialit\u00e4ten, Cocktails, Limonaden oder als Topping f\u00fcr Desserts \u2013 der De Kuyper Hazelnut Sirup ist vielseitig einsetzbar und bereichert Ihre Kreationen mit einer s\u00fc\u00dfen, nussigen Note.<\/p>\n<p><strong>Empfohlene Getr\u00e4nke<\/strong><\/p>\n<ul>\n<li><strong>Hazelnut Latte<\/strong>: Eine k\u00f6stliche Kombination aus Espresso, aufgesch\u00e4umter Milch und einem Schuss De Kuyper Hazelnut Sirup f\u00fcr einen s\u00fc\u00dfen Start in den Tag.<\/li>\n<li><strong>Hazelnut Martini<\/strong>: Eine Mischung aus Wodka, Kaffeelik\u00f6r und De Kuyper Hazelnut Sirup f\u00fcr einen nussigen Twist des klassischen Martinis.<\/li>\n<\/ul>\n<p><strong>Qualit\u00e4t und Tradition seit 1695<\/strong><\/p>\n<p>Seit 1695 steht De Kuyper f\u00fcr hochwertige Lik\u00f6re und Sirupe. Der Hazelnut Sirup ist ein weiteres Beispiel f\u00fcr das Engagement der Marke, nat\u00fcrliche Zutaten und traditionelle Herstellungsverfahren zu nutzen, um Produkte von h\u00f6chster Qualit\u00e4t zu liefern.<\/p>\n<p><strong>Produktdetails<\/strong><\/p>\n<ul>\n<li><strong>Inhalt<\/strong>: 0,7 Liter<\/li>\n<li><strong>Geschmack<\/strong>: Nussig, vollmundiger Geschmack von ger\u00f6steten Haseln\u00fcssen<\/li>\n<li><strong>Farbe<\/strong>: Hellbernstein<\/li>\n<\/ul>\n<p>Entdecken Sie die vielf\u00e4ltigen Einsatzm\u00f6glichkeiten des De Kuyper Hazelnut Sirups und bereichern Sie Ihre Getr\u00e4nke und Desserts mit einer s\u00fc\u00dfen Haselnussnote.<\/p>\n","protected":false},"excerpt":{"rendered":"<p>Der De Kuyper Hazelnut Sirup \u00fcberzeugt mit dem authentischen und k\u00f6stlichen Geschmack sowie dem Aroma, das typisch f\u00fcr Haselnussaufstriche ist. Durch die Verwendung von nat\u00fcrlichem Haselnussaroma ist dieser Sirup die&#8230;<\/p>\n","protected":false},"featured_media":6969,"template":"","meta":{"_acf_changed":false,"inline_featured_image":false},"product_cat":[239],"product_tag":[649,652,648,650],"class_list":{"0":"post-6967","1":"product","2":"type-product","3":"status-publish","4":"has-post-thumbnail","6":"product_brand-de-kuyper-royal","7":"product_cat-non-alcoholic-mixes-de","8":"product_tag-cocktail-sirup","9":"product_tag-de-kuyper","10":"product_tag-de-kuyper-sirup","11":"product_tag-sirup-fuer-getraenke","13":"first","14":"instock","15":"shipping-taxable","16":"product-type-simple"},"acf":[],"_links":{"self":[{"href":"https:\/\/amberbev.at\/de\/wp-json\/wp\/v2\/product\/6967"}],"collection":[{"href":"https:\/\/amberbev.at\/de\/wp-json\/wp\/v2\/product"}],"about":[{"href":"https:\/\/amberbev.at\/de\/wp-json\/wp\/v2\/types\/product"}],"wp:featuredmedia":[{"embeddable":true,"href":"https:\/\/amberbev.at\/de\/wp-json\/wp\/v2\/media\/6969"}],"wp:attachment":[{"href":"https:\/\/amberbev.at\/de\/wp-json\/wp\/v2\/media?parent=6967"}],"wp:term":[{"taxonomy":"product_cat","embeddable":true,"href":"https:\/\/amberbev.at\/de\/wp-json\/wp\/v2\/product_cat?post=6967"},{"taxonomy":"product_tag","embeddable":true,"href":"https:\/\/amberbev.at\/de\/wp-json\/wp\/v2\/product_tag?post=6967"}],"curies":[{"name":"wp","href":"https:\/\/api.w.org\/{rel}","templated":true}]}}