{"id":7067,"date":"2025-04-30T12:49:04","date_gmt":"2025-04-30T12:49:04","guid":{"rendered":"https:\/\/amberbev.at\/?post_type=product&#038;p=7067"},"modified":"2025-04-30T12:50:53","modified_gmt":"2025-04-30T12:50:53","slug":"gschpusi-somma-sprizza","status":"publish","type":"product","link":"https:\/\/amberbev.at\/de\/produkt\/rtd\/gschpusi-somma-sprizza\/","title":{"rendered":"Gschpusi Somma Sprizza"},"content":{"rendered":"<p class=\"\" data-start=\"175\" data-end=\"279\"><strong data-start=\"175\" data-end=\"209\">Gschpusi teilen, Somma sp\u00fcr\u2019n!<\/strong><\/p>\n<p class=\"\" data-start=\"175\" data-end=\"279\"><br data-start=\"209\" data-end=\"212\" \/><strong data-start=\"212\" data-end=\"279\">Gschpusi \u201eSomma Sprizza\u201c \u2013 der spritzigste Alkopop \u00d6sterreichs.<\/strong><\/p>\n<p class=\"\" data-start=\"281\" data-end=\"453\">Fruchtig-frischer Geschmack, \u00f6sterreichisches Quellwasser und feinster Vodka aus heimischer Herstellung! Regional abgef\u00fcllt und produziert nach h\u00f6chsten Qualit\u00e4tsstandards.<\/p>\n<p class=\"\" data-start=\"455\" data-end=\"694\">Mit leichter Bitter-Note, nat\u00fcrlichen Aromen und bis zu 50 % weniger Zucker als vergleichbare Produkte bringt <strong data-start=\"565\" data-end=\"582\">Somma Sprizza<\/strong> italienisches Lebensgef\u00fchl direkt in deine Flasche \u2013 ein Sommermoment zum Mitnehmen im \u201eReady to Drink\u201c-Format!<\/p>\n","protected":false},"excerpt":{"rendered":"<p>Gschpusi teilen, Somma sp\u00fcr\u2019n! Gschpusi \u201eSomma Sprizza\u201c \u2013 der spritzigste Alkopop \u00d6sterreichs. Fruchtig-frischer Geschmack, \u00f6sterreichisches Quellwasser und feinster Vodka aus heimischer Herstellung! Regional abgef\u00fcllt und produziert nach h\u00f6chsten Qualit\u00e4tsstandards. Mit&#8230;<\/p>\n","protected":false},"featured_media":7065,"template":"","meta":{"_acf_changed":false,"inline_featured_image":false},"product_cat":[327],"product_tag":[],"class_list":{"0":"post-7067","1":"product","2":"type-product","3":"status-publish","4":"has-post-thumbnail","6":"product_brand-gschpusi","7":"product_cat-rtd","9":"first","10":"instock","11":"shipping-taxable","12":"product-type-simple"},"acf":[],"_links":{"self":[{"href":"https:\/\/amberbev.at\/de\/wp-json\/wp\/v2\/product\/7067"}],"collection":[{"href":"https:\/\/amberbev.at\/de\/wp-json\/wp\/v2\/product"}],"about":[{"href":"https:\/\/amberbev.at\/de\/wp-json\/wp\/v2\/types\/product"}],"wp:featuredmedia":[{"embeddable":true,"href":"https:\/\/amberbev.at\/de\/wp-json\/wp\/v2\/media\/7065"}],"wp:attachment":[{"href":"https:\/\/amberbev.at\/de\/wp-json\/wp\/v2\/media?parent=7067"}],"wp:term":[{"taxonomy":"product_cat","embeddable":true,"href":"https:\/\/amberbev.at\/de\/wp-json\/wp\/v2\/product_cat?post=7067"},{"taxonomy":"product_tag","embeddable":true,"href":"https:\/\/amberbev.at\/de\/wp-json\/wp\/v2\/product_tag?post=7067"}],"curies":[{"name":"wp","href":"https:\/\/api.w.org\/{rel}","templated":true}]}}