{"id":7125,"date":"2025-06-20T06:57:22","date_gmt":"2025-06-20T06:57:22","guid":{"rendered":"https:\/\/amberbev.at\/?post_type=product&#038;p=7125"},"modified":"2025-06-20T07:52:40","modified_gmt":"2025-06-20T07:52:40","slug":"de-kuyper-raspberry-sirup","status":"publish","type":"product","link":"https:\/\/amberbev.at\/de\/produkt\/non-alcoholic-mixes-de\/de-kuyper-raspberry-sirup\/","title":{"rendered":"De Kuyper Raspberry Sirup"},"content":{"rendered":"<p data-start=\"144\" data-end=\"354\">Der <strong data-start=\"148\" data-end=\"177\">De Kuyper Raspberry Sirup<\/strong> bringt die fruchtige S\u00fc\u00dfe und das leicht s\u00e4uerliche Aroma frischer Himbeeren in Ihre Getr\u00e4nke und Desserts. Dieser Sirup verleiht Ihren Kreationen eine lebendige, beerige Note.<\/p>\n<h3 data-start=\"356\" data-end=\"391\">Vielseitigkeit in der Anwendung<\/h3>\n<p data-start=\"393\" data-end=\"636\">Ob in Cocktails, Limonaden, Eistees oder Desserts \u2013 der De Kuyper Raspberry Sirup bereichert Ihre Kreationen mit einem intensiven Himbeeraroma. Sein authentischer Fruchtgeschmack macht ihn zu einer idealen Zutat f\u00fcr eine Vielzahl von Rezepten.<\/p>\n<h3 data-start=\"638\" data-end=\"661\">Empfohlene Getr\u00e4nke<\/h3>\n<ul data-start=\"663\" data-end=\"963\">\n<li data-start=\"663\" data-end=\"803\">\n<p data-start=\"665\" data-end=\"803\"><strong data-start=\"665\" data-end=\"687\">Raspberry Lemonade<\/strong>: Eine k\u00f6stliche Mischung aus Wasser, Zitrone und De Kuyper Raspberry Sirup f\u00fcr eine fruchtig-s\u00e4uerliche Limonade.<\/p>\n<\/li>\n<li data-start=\"804\" data-end=\"963\">\n<p data-start=\"806\" data-end=\"963\"><strong data-start=\"806\" data-end=\"828\">Raspberry Iced Tea<\/strong>: Kombinieren Sie gek\u00fchlten schwarzen Tee mit De Kuyper Raspberry Sirup f\u00fcr einen erfrischenden Eistee mit fruchtigem Himbeergeschmack.<\/p>\n<\/li>\n<\/ul>\n<h3 data-start=\"965\" data-end=\"1001\">Qualit\u00e4t und Tradition seit 1695<\/h3>\n<p data-start=\"1003\" data-end=\"1255\">Seit 1695 steht De Kuyper f\u00fcr hochwertige Lik\u00f6re und Sirupe. Der Raspberry Sirup ist ein weiteres Beispiel f\u00fcr das Engagement der Marke, nat\u00fcrliche Zutaten und traditionelle Herstellungsverfahren zu nutzen, um Produkte von h\u00f6chster Qualit\u00e4t zu liefern.<\/p>\n<h3 data-start=\"1257\" data-end=\"1275\">Produktdetails<\/h3>\n<ul data-start=\"1277\" data-end=\"1368\">\n<li data-start=\"1277\" data-end=\"1298\">\n<p data-start=\"1279\" data-end=\"1298\"><strong data-start=\"1279\" data-end=\"1289\">Inhalt<\/strong>: 70 cl<\/p>\n<\/li>\n<li data-start=\"1299\" data-end=\"1325\">\n<p data-start=\"1301\" data-end=\"1325\"><strong data-start=\"1301\" data-end=\"1318\">Alkoholgehalt<\/strong>: 0\u202f%<\/p>\n<\/li>\n<li data-start=\"1326\" data-end=\"1368\">\n<p data-start=\"1328\" data-end=\"1368\"><strong data-start=\"1328\" data-end=\"1341\">Geschmack<\/strong>: Intensives Himbeeraroma<\/p>\n<\/li>\n<\/ul>\n<p data-start=\"1370\" data-end=\"1519\">Entdecken Sie die vielf\u00e4ltigen Einsatzm\u00f6glichkeiten des De Kuyper Raspberry Sirups und bereichern Sie Ihre Getr\u00e4nke mit einer fruchtig-beerigen Note.<\/p>\n","protected":false},"excerpt":{"rendered":"<p>Der <strong data-start=\"4\" data-end=\"33\">De Kuyper Raspberry Sirup<\/strong> bringt die fruchtige S\u00fc\u00dfe und feine S\u00e4ure reifer Himbeeren in Ihre Getr\u00e4nke und Desserts. Mit seinem intensiven Aroma ist er die ideale Zutat f\u00fcr Limonaden, Eistees und kreative Cocktails \u2013 ganz ohne Alkohol.<\/p>\n","protected":false},"featured_media":7127,"template":"","meta":{"_acf_changed":false,"inline_featured_image":false},"product_cat":[239],"product_tag":[649,652,648,650,651],"class_list":{"0":"post-7125","1":"product","2":"type-product","3":"status-publish","4":"has-post-thumbnail","6":"product_brand-de-kuyper-royal","7":"product_cat-non-alcoholic-mixes-de","8":"product_tag-cocktail-sirup","9":"product_tag-de-kuyper","10":"product_tag-de-kuyper-sirup","11":"product_tag-sirup-fuer-getraenke","12":"product_tag-tropischer-sirup","14":"first","15":"instock","16":"shipping-taxable","17":"product-type-simple"},"acf":[],"_links":{"self":[{"href":"https:\/\/amberbev.at\/de\/wp-json\/wp\/v2\/product\/7125"}],"collection":[{"href":"https:\/\/amberbev.at\/de\/wp-json\/wp\/v2\/product"}],"about":[{"href":"https:\/\/amberbev.at\/de\/wp-json\/wp\/v2\/types\/product"}],"wp:featuredmedia":[{"embeddable":true,"href":"https:\/\/amberbev.at\/de\/wp-json\/wp\/v2\/media\/7127"}],"wp:attachment":[{"href":"https:\/\/amberbev.at\/de\/wp-json\/wp\/v2\/media?parent=7125"}],"wp:term":[{"taxonomy":"product_cat","embeddable":true,"href":"https:\/\/amberbev.at\/de\/wp-json\/wp\/v2\/product_cat?post=7125"},{"taxonomy":"product_tag","embeddable":true,"href":"https:\/\/amberbev.at\/de\/wp-json\/wp\/v2\/product_tag?post=7125"}],"curies":[{"name":"wp","href":"https:\/\/api.w.org\/{rel}","templated":true}]}}