{"id":2701,"date":"2021-09-13T19:22:48","date_gmt":"2021-09-13T19:22:48","guid":{"rendered":"https:\/\/amberbev.at\/product\/uncategorized\/cool-shot-likoer-mix-pet\/"},"modified":"2021-09-13T19:22:48","modified_gmt":"2021-09-13T19:22:48","slug":"cool-shot-likoer-mix-pet","status":"publish","type":"product","link":"https:\/\/amberbev.at\/en\/product\/miniatures-shots-2\/cool-shot-likoer-mix-pet\/","title":{"rendered":"COOL-SHOT LIK\u00d6R-MIX PET"},"content":{"rendered":"<div id=\"ultimate-heading-1938613f970e25b52\" class=\"uvc-heading ult-adjust-bottom-margin ultimate-heading-1938613f970e25b52 uvc-6014 \" data-hspacer=\"line_only\" data-halign=\"left\">\n<div class=\"uvc-main-heading ult-responsive\" data-ultimate-target=\".uvc-heading.ultimate-heading-1938613f970e25b52 h2\" data-responsive-json-new=\"{&quot;font-size&quot;:&quot;desktop:30px;&quot;,&quot;line-height&quot;:&quot;desktop:35px;&quot;}\">\n<h2>Cool-Shot<\/h2>\n<\/div>\n<\/div>\n<div class=\"wpb_text_column wpb_content_element \">\n<div class=\"wpb_wrapper\">\n<p class=\"p1\">Ein richtig stylish cooler Pack mit leckeren Lik\u00f6r-Shots in unzerbrechlichen PET-Bechern \u2013 ideal f\u00fcr jegliche Gastronomie oder Events im Outdoor-Bereich ohne l\u00e4stige und gef\u00e4hrliche Glasscherben. Inhalt: Kirsch-Lik\u00f6r 25 ml, Blue-Lemon-Lik\u00f6r 25 ml und Saurer-Apfel-Lik\u00f6r 25 ml \u2013 alle mit jeweils 15% Vol.<\/p>\n<\/div>\n<\/div>\n","protected":false},"excerpt":{"rendered":"<p>Cool-Shot Ein richtig stylish cooler Pack mit leckeren Lik\u00f6r-Shots in unzerbrechlichen PET-Bechern \u2013 ideal f\u00fcr jegliche Gastronomie oder Events im Outdoor-Bereich ohne l\u00e4stige und gef\u00e4hrliche Glasscherben. Inhalt: Kirsch-Lik\u00f6r 25 ml,&#8230;<\/p>\n","protected":false},"featured_media":2700,"template":"","meta":{"_acf_changed":false,"inline_featured_image":false},"product_cat":[348],"product_tag":[],"class_list":{"0":"post-2701","1":"product","2":"type-product","3":"status-publish","4":"has-post-thumbnail","6":"product_cat-miniatures-shots-2","8":"first","9":"instock","10":"shipping-taxable","11":"product-type-simple"},"acf":[],"_links":{"self":[{"href":"https:\/\/amberbev.at\/en\/wp-json\/wp\/v2\/product\/2701"}],"collection":[{"href":"https:\/\/amberbev.at\/en\/wp-json\/wp\/v2\/product"}],"about":[{"href":"https:\/\/amberbev.at\/en\/wp-json\/wp\/v2\/types\/product"}],"wp:featuredmedia":[{"embeddable":true,"href":"https:\/\/amberbev.at\/en\/wp-json\/wp\/v2\/media\/2700"}],"wp:attachment":[{"href":"https:\/\/amberbev.at\/en\/wp-json\/wp\/v2\/media?parent=2701"}],"wp:term":[{"taxonomy":"product_cat","embeddable":true,"href":"https:\/\/amberbev.at\/en\/wp-json\/wp\/v2\/product_cat?post=2701"},{"taxonomy":"product_tag","embeddable":true,"href":"https:\/\/amberbev.at\/en\/wp-json\/wp\/v2\/product_tag?post=2701"}],"curies":[{"name":"wp","href":"https:\/\/api.w.org\/{rel}","templated":true}]}}