{"id":2770,"date":"2021-09-14T14:13:15","date_gmt":"2021-09-14T14:13:15","guid":{"rendered":"https:\/\/amberbev.at\/product\/uncategorized\/gaudi-max-tropic-mix\/"},"modified":"2021-09-14T14:13:15","modified_gmt":"2021-09-14T14:13:15","slug":"gaudi-max-tropic-mix","status":"publish","type":"product","link":"https:\/\/amberbev.at\/en\/product\/miniatures-shots-2\/gaudi-max-tropic-mix\/","title":{"rendered":"GAUDI-MAX TROPIC-MIX"},"content":{"rendered":"<div id=\"ultimate-heading-32206140aba5abc98\" class=\"uvc-heading ult-adjust-bottom-margin ultimate-heading-32206140aba5abc98 uvc-8544 \" data-hspacer=\"line_only\" data-halign=\"left\">\n<div class=\"uvc-main-heading ult-responsive\" data-ultimate-target=\".uvc-heading.ultimate-heading-32206140aba5abc98 h2\" data-responsive-json-new=\"{&quot;font-size&quot;:&quot;desktop:30px;&quot;,&quot;line-height&quot;:&quot;desktop:35px;&quot;}\">\n<h2>Klopfen, trinken, Party!<\/h2>\n<\/div>\n<\/div>\n<div class=\"wpb_text_column wpb_content_element \">\n<div class=\"wpb_wrapper\">\n<p class=\"p1\"><span class=\"s1\">Der kleine freche Gaudi-Max bringt Stimmung in jede Party und ist ein gern gesehener Gast auf Feiern aller Art. Den Namen hat der kleine Lik\u00f6r von der Bezeichnung f\u00fcr einen heiteren, humorvollen Zeitgenossen. Seit seiner Geburtsstunde h\u00f6rt man das Klopfger\u00e4usch auf allen Partys, egal zu welcher Jahreszeit, egal zu welcher Tageszeit! Und G\u00e4ste jeden Alters lieben den fr\u00f6hlich-frechen Spa\u00dfvogel in unterschiedlichen Geschmacksrichtungen. Was z\u00e4hlt, ist das Ritual: Klopfen, Trinken, Party!<\/span><\/p>\n<p class=\"p1\"><span class=\"s1\">Besonders f\u00fcr die geselligen H\u00fcttenabende, egal ob im Sommer oder im Winter, gibt\u2019s die speziellen Gastro-Gro\u00df-Packungen mit praktischem Serviertablett in drei verschiedenen Geschmackssortierungen. Und f\u00fcr unterwegs, die handliche Mini-Party! Und auch hier lautet das Motto immer wieder: Klopfen, trinken, Party!<\/span><\/p>\n<\/div>\n<\/div>\n","protected":false},"excerpt":{"rendered":"<p>Klopfen, trinken, Party! Der kleine freche Gaudi-Max bringt Stimmung in jede Party und ist ein gern gesehener Gast auf Feiern aller Art. Den Namen hat der kleine Lik\u00f6r von der&#8230;<\/p>\n","protected":false},"featured_media":2769,"template":"","meta":{"_acf_changed":false,"inline_featured_image":false},"product_cat":[348],"product_tag":[],"class_list":{"0":"post-2770","1":"product","2":"type-product","3":"status-publish","4":"has-post-thumbnail","6":"product_cat-miniatures-shots-2","8":"first","9":"instock","10":"shipping-taxable","11":"product-type-simple"},"acf":[],"_links":{"self":[{"href":"https:\/\/amberbev.at\/en\/wp-json\/wp\/v2\/product\/2770"}],"collection":[{"href":"https:\/\/amberbev.at\/en\/wp-json\/wp\/v2\/product"}],"about":[{"href":"https:\/\/amberbev.at\/en\/wp-json\/wp\/v2\/types\/product"}],"wp:featuredmedia":[{"embeddable":true,"href":"https:\/\/amberbev.at\/en\/wp-json\/wp\/v2\/media\/2769"}],"wp:attachment":[{"href":"https:\/\/amberbev.at\/en\/wp-json\/wp\/v2\/media?parent=2770"}],"wp:term":[{"taxonomy":"product_cat","embeddable":true,"href":"https:\/\/amberbev.at\/en\/wp-json\/wp\/v2\/product_cat?post=2770"},{"taxonomy":"product_tag","embeddable":true,"href":"https:\/\/amberbev.at\/en\/wp-json\/wp\/v2\/product_tag?post=2770"}],"curies":[{"name":"wp","href":"https:\/\/api.w.org\/{rel}","templated":true}]}}