{"id":3572,"date":"2021-09-22T12:41:40","date_gmt":"2021-09-22T12:41:40","guid":{"rendered":"https:\/\/amberbev.at\/?post_type=product&#038;p=3572"},"modified":"2022-05-12T05:32:58","modified_gmt":"2022-05-12T05:32:58","slug":"cenote-tequila-reposado-100-agave-copy","status":"publish","type":"product","link":"https:\/\/amberbev.at\/en\/product\/tequila-mezcal\/cenote-tequila-reposado-100-agave-copy\/","title":{"rendered":"Tequila Anejo (100% Agave)"},"content":{"rendered":"<h2>Go deep!<\/h2>\n<p>Cenote ist ein Ultra-Premium Tequila aus 100% blauer Weber Agave, inspiriert von der Sch\u00f6nheit der Halbinsel Yucat\u00e1n und den spektakul\u00e4- ren unterirdischen Wassersystemen, die in dieser geografischen Region einzigartig sind. Die Mayas verehrten dieses unterirdische Wassersys- tem, weil sie in trockenen Zeiten eine Wasserquelle waren. Somit ga- ben sie ihnen den Namen Cenote \u2013 was \u201eheiliger Brunnen\u201c bedeutet.<\/p>\n<p>Sie glaubten, dass sie das Fenster zur Unterwelt seien, in denen G\u00f6tter lebten, einschlie\u00dflich des Regengottes Chaac. Cenote Tequila ist das Ergebnis des Master Distillers Arturo Fuentes. Er schaffte ein komplexes Geschmacksprofil, welches duftende, gekochte Agaven mit zarten Holz- noten in Einklang bringt.<\/p>\n<div id=\"gtx-trans\" style=\"position: absolute; left: -246px; top: 0px;\">\n<div class=\"gtx-trans-icon\"><\/div>\n<\/div>\n","protected":false},"excerpt":{"rendered":"<p>Go deep! Cenote ist ein Ultra-Premium Tequila aus 100% blauer Weber Agave, inspiriert von der Sch\u00f6nheit der Halbinsel Yucat\u00e1n und den spektakul\u00e4- ren unterirdischen Wassersystemen, die in dieser geografischen Region&#8230;<\/p>\n","protected":false},"featured_media":5623,"template":"","meta":{"_acf_changed":false,"inline_featured_image":false},"product_cat":[21],"product_tag":[],"class_list":{"0":"post-3572","1":"product","2":"type-product","3":"status-publish","4":"has-post-thumbnail","6":"product_brand-cenote","7":"product_cat-tequila-mezcal","9":"first","10":"instock","11":"shipping-taxable","12":"product-type-simple"},"acf":[],"_links":{"self":[{"href":"https:\/\/amberbev.at\/en\/wp-json\/wp\/v2\/product\/3572"}],"collection":[{"href":"https:\/\/amberbev.at\/en\/wp-json\/wp\/v2\/product"}],"about":[{"href":"https:\/\/amberbev.at\/en\/wp-json\/wp\/v2\/types\/product"}],"wp:featuredmedia":[{"embeddable":true,"href":"https:\/\/amberbev.at\/en\/wp-json\/wp\/v2\/media\/5623"}],"wp:attachment":[{"href":"https:\/\/amberbev.at\/en\/wp-json\/wp\/v2\/media?parent=3572"}],"wp:term":[{"taxonomy":"product_cat","embeddable":true,"href":"https:\/\/amberbev.at\/en\/wp-json\/wp\/v2\/product_cat?post=3572"},{"taxonomy":"product_tag","embeddable":true,"href":"https:\/\/amberbev.at\/en\/wp-json\/wp\/v2\/product_tag?post=3572"}],"curies":[{"name":"wp","href":"https:\/\/api.w.org\/{rel}","templated":true}]}}