{"id":5527,"date":"2022-03-23T08:46:03","date_gmt":"2022-03-23T08:46:03","guid":{"rendered":"https:\/\/amberbev.at\/product\/uncategorized\/deja-vu\/"},"modified":"2022-03-23T08:50:55","modified_gmt":"2022-03-23T08:50:55","slug":"deja-vu","status":"publish","type":"product","link":"https:\/\/amberbev.at\/en\/product\/aperitif-2\/deja-vu\/","title":{"rendered":"D\u00e9j\u00e0 Vu"},"content":{"rendered":"<p>Oriental D\u00e8j\u00e1-Vu<\/p>\n<div class=\"elementor-element elementor-element-fd84008 elementor-widget elementor-widget-text-editor\" data-id=\"fd84008\" data-element_type=\"widget\" data-widget_type=\"text-editor.default\">\n<div class=\"elementor-widget-container\">\n<p>D\u00e9j\u00e0-Vu a spirit based on wine distillate. This aperitif combines the exotic tastes of this world. It smells like a day in a foreign land and has a uniquely refined taste.<\/p>\n<p>An unobtrusive French wine distillate creates the base for Far Eastern citrus notes, light ginger heat and oriental spices. D\u00e9j\u00e0-Vu combines ingredients from the heart of Europe with ingredients from the most secret corners of the earth.<\/p>\n<p>An exotic spirit that proves its versatility in a range of cocktails.<\/p>\n<\/div>\n<\/div>\n","protected":false},"excerpt":{"rendered":"<p>Oriental D\u00e8j\u00e1-Vu D\u00e9j\u00e0-Vu a spirit based on wine distillate. This aperitif combines the exotic tastes of this world. It smells like a day in a foreign land and has a&#8230;<\/p>\n","protected":false},"featured_media":5526,"template":"","meta":{"_acf_changed":false,"inline_featured_image":false},"product_cat":[618],"product_tag":[],"class_list":{"0":"post-5527","1":"product","2":"type-product","3":"status-publish","4":"has-post-thumbnail","6":"product_brand-deja-vu","7":"product_cat-aperitif-2","9":"first","10":"instock","11":"shipping-taxable","12":"product-type-simple"},"acf":[],"_links":{"self":[{"href":"https:\/\/amberbev.at\/en\/wp-json\/wp\/v2\/product\/5527"}],"collection":[{"href":"https:\/\/amberbev.at\/en\/wp-json\/wp\/v2\/product"}],"about":[{"href":"https:\/\/amberbev.at\/en\/wp-json\/wp\/v2\/types\/product"}],"wp:featuredmedia":[{"embeddable":true,"href":"https:\/\/amberbev.at\/en\/wp-json\/wp\/v2\/media\/5526"}],"wp:attachment":[{"href":"https:\/\/amberbev.at\/en\/wp-json\/wp\/v2\/media?parent=5527"}],"wp:term":[{"taxonomy":"product_cat","embeddable":true,"href":"https:\/\/amberbev.at\/en\/wp-json\/wp\/v2\/product_cat?post=5527"},{"taxonomy":"product_tag","embeddable":true,"href":"https:\/\/amberbev.at\/en\/wp-json\/wp\/v2\/product_tag?post=5527"}],"curies":[{"name":"wp","href":"https:\/\/api.w.org\/{rel}","templated":true}]}}